{"id":788,"date":"2008-11-17T22:51:58","date_gmt":"2008-11-17T21:51:58","guid":{"rendered":"http:\/\/www.wanarun.net\/blog\/?page_id=788"},"modified":"2018-03-20T11:53:03","modified_gmt":"2018-03-20T10:53:03","slug":"lequipe-de-redaction","status":"publish","type":"page","link":"https:\/\/www.wanarun.net\/blog\/lequipe-de-redaction","title":{"rendered":"L&rsquo;\u00e9quipe de r\u00e9daction"},"content":{"rendered":"<table border=\"0\">\n<tbody>\n<tr>\n<td valign=\"top\"><strong>Manu<\/strong><br \/>\n<img class=\"attachment wp-att-797\" src=\"https:\/\/www.wanarun.net\/blog\/wp-content\/uploads\/2008\/11\/manu.thumbnail.jpg\" alt=\"\" height=\"150\" align=\"left\" \/><\/td>\n<td valign=\"top\">35 ans &#8211; Architecte technique.<\/p>\n<div>Passionn\u00e9 par le Judo, il commence \u00e0 courir r\u00e9guli\u00e8rement par n\u00e9cessit\u00e9 et gr\u00e2ce \u00e0 une amie, il participe aux 20 km de Madine. Il d\u00e9couvre un milieu sympathique et tr\u00e8s ouvert. Alors il devient un coureur plus r\u00e9gulier et participe \u00e0 des semi-marathons.<\/div>\n<div>En 2006, il d\u00e9cide de mettre en place un site sur la course \u00e0 pied pour f\u00e9d\u00e9rer une communaut\u00e9, il cr\u00e9e alors Wanarun.<\/div>\n<\/td>\n<\/tr>\n<tr>\n<td><\/td>\n<td><\/td>\n<\/tr>\n<tr>\n<td valign=\"top\"><strong>Vincent<\/strong><\/p>\n<div><a href=\"https:\/\/www.wanarun.net\/blog\/wp-content\/uploads\/2008\/11\/vincentb.jpg\"><img loading=\"lazy\" class=\"size-thumbnail wp-image-15581 alignleft\" title=\"vincentb\" src=\"https:\/\/www.wanarun.net\/blog\/wp-content\/uploads\/2008\/11\/vincentb-150x150.jpg\" alt=\"\" width=\"150\" height=\"150\" srcset=\"https:\/\/www.wanarun.net\/blog\/wp-content\/uploads\/2008\/11\/vincentb-150x150.jpg 150w, https:\/\/www.wanarun.net\/blog\/wp-content\/uploads\/2008\/11\/vincentb.jpg 200w\" sizes=\"(max-width: 150px) 100vw, 150px\" \/><\/a><a href=\"https:\/\/www.wanarun.net\/blog\/wp-content\/uploads\/2008\/11\/vincentb.jpg\"><br \/>\n<\/a><\/div>\n<\/td>\n<td valign=\"top\">44 ans &#8211; Charg\u00e9 de communication dans une Universit\u00e9.<\/p>\n<div>Apr\u00e8s un pass\u00e9 de sportif dans diff\u00e9rentes disciplines (10 ans de handball, vtt, badminton&#8230;), pratique de la course \u00e0 pied r\u00e9guli\u00e8re depuis 8 ans.<\/div>\n<div>\n<p>Participation \u00e0 de nombreuses courses : 10 km, semi-marathon et 4 marathons \u00e0 ce jour\u00a0 : Paris en 2007 &#8211; 3h45, Lyon en 2008 &#8211; 3h27, Annecy en 2009 &#8211; 3h26 et Rotterdam en 2010 &#8211; 3h21.<\/p>\n<p>Trail du Verdon (30km) en juin 2010 et a bascul\u00e9 dans le trail depuis \ud83d\ude42<br \/>\n2011 : Trail du Verbier Saint-Bernard (61 km &#8211; 4 000D+) &#8211;\u00a0SaintElyon<br \/>\n2012 : 6000 D &#8211; Infernal Trail (72 km)<\/p>\n<\/div>\n<\/td>\n<\/tr>\n<tr>\n<td><\/td>\n<td><\/td>\n<\/tr>\n<tr>\n<td valign=\"top\"><strong>Mathieu<\/strong><\/p>\n<div><img loading=\"lazy\" class=\"attachment wp-att-834\" src=\"https:\/\/www.wanarun.net\/blog\/wp-content\/uploads\/2008\/11\/mathieu.jpg\" alt=\"\" width=\"121\" height=\"150\" \/><\/div>\n<\/td>\n<td valign=\"top\">31 ans &#8211; Apr\u00e8s de bons moments pass\u00e9s sur les tatamis, les courts de tennis ou les terrains de foot, je me focalise maintenant sur la course \u00e0 pied. Piste, route ou for\u00eat&#8230; 800m, 10km ou marathon&#8230; je ne suis pas sp\u00e9cialiste d&rsquo;un domaine ou d&rsquo;une distance mais j&rsquo;aime \u00e9vacuer le stress accumul\u00e9 au fil des journ\u00e9es en courant et d\u00e9couvrir de nouvelles sensations, de nouveaux paysages, de nouveaux efforts. Licenci\u00e9 dans un club d&rsquo;athl\u00e9tisme, je profite de l&rsquo;\u00e9mulation de groupe et d&rsquo;un excellent entraineur pour progresser et apprendre (sur la course \u00e0 pied mais aussi sur moi-m\u00eame).<\/td>\n<\/tr>\n<tr>\n<td><\/td>\n<td><\/td>\n<\/tr>\n<tr>\n<td valign=\"top\"><strong>Marc<\/strong><br \/>\n<a href=\"https:\/\/www.wanarun.net\/blog\/wp-content\/uploads\/2008\/11\/100_2619.jpg\"><img loading=\"lazy\" class=\"alignleft size-thumbnail wp-image-11735\" title=\"100_2619\" src=\"https:\/\/www.wanarun.net\/blog\/wp-content\/uploads\/2008\/11\/100_2619-150x150.jpg\" alt=\"\" width=\"150\" height=\"150\" \/><\/a><\/td>\n<td valign=\"top\">Bientot 49 ans , je cours depuis maintenant 3 ans ce que j&rsquo;aime dans la course \u00e0 pied,les diff\u00e9rentes rencontres et le d\u00e9passement de soi.<\/td>\n<\/tr>\n<tr>\n<td><\/td>\n<td><\/td>\n<\/tr>\n<tr>\n<td valign=\"top\"><strong>Laurent<\/strong><br \/>\n<a href=\"https:\/\/www.wanarun.net\/blog\/wp-content\/uploads\/2008\/11\/LR.jpg\"><img loading=\"lazy\" class=\"alignnone size-medium wp-image-8654\" title=\"LR\" src=\"https:\/\/www.wanarun.net\/blog\/wp-content\/uploads\/2008\/11\/LR-211x300.jpg\" alt=\"\" width=\"180\" height=\"262\" \/><\/a><\/td>\n<td valign=\"top\">43 ans \u2013 Dirigeant d\u2019un \u00e9tablissement M\u00e9dico-social.Rochelais d\u2019origine je vis d\u00e9sormais en R\u00e9gion Centre. La course \u00e0 pied fait partie de mon quotidien depuis 7 ans, elle repr\u00e9sente entre 40 et 70km par semaine, une hernie discale me contraint d\u00e9sormais \u00e0 l\u2019endurance et j\u2019adore\u00a0!! Je ne cours jamais sans plaisir, souvent \u00e9go\u00efstement \u2026..Je me suis r\u00e9gal\u00e9 sur plusieurs ultras de plus de 10h, marathons, plusieurs semi-marathons, diverses courses petites distances et \u00ab\u00a0nature\u00a0\u00bb, deux participations au\u00a0Marathon Des Sables et\u00a0une participation aux 100 km de Millau !! J\u2019aime les gadgets et l\u2019innovation, je suis gourmand et la nutrition me passionne.Mon adage\u00a0: \u00ab\u00a0Ce n\u2019est pas parce que c\u2019est dur qu\u2019on ne le fait pas, mais parce qu\u2019on ne le fait pas que \u00e7a parait difficile\u00a0!\u00a0\u00bb<\/td>\n<\/tr>\n<tr>\n<td><\/td>\n<td><\/td>\n<\/tr>\n<tr>\n<td valign=\"top\"><strong>Frank<\/strong><br \/>\n<a href=\"https:\/\/www.wanarun.net\/blog\/wp-content\/uploads\/2008\/11\/daniel.jpg\"><img loading=\"lazy\" class=\"alignleft size-medium wp-image-14194\" title=\"daniel\" src=\"https:\/\/www.wanarun.net\/blog\/wp-content\/uploads\/2008\/11\/daniel-200x300.jpg\" alt=\"\" width=\"200\" height=\"300\" srcset=\"https:\/\/www.wanarun.net\/blog\/wp-content\/uploads\/2008\/11\/daniel-200x300.jpg 200w, https:\/\/www.wanarun.net\/blog\/wp-content\/uploads\/2008\/11\/daniel-682x1024.jpg 682w, https:\/\/www.wanarun.net\/blog\/wp-content\/uploads\/2008\/11\/daniel.jpg 1600w\" sizes=\"(max-width: 200px) 100vw, 200px\" \/><\/a><\/td>\n<td valign=\"top\">Je suis un St\u00e9phanois de 53 ans, (oui je sais que je ne les fais pas, mais quand m\u00eame). Dirigeant d&rsquo;un magasin de photo, j&rsquo;ai d\u00e9but\u00e9 la course \u00e0 pied sur le tard il y a 6 ans. Apr\u00e8s la route avec plusieurs marathons et \u00ab\u00a0classiques\u00a0\u00bb, j&rsquo;ai \u00e9migr\u00e9 sur les chemins pour d\u00e9couvrir le trail. Au fils des \u00e9preuves et des distances, mes foul\u00e9es m&#8217;emm\u00e8nent doucement (\u00e0 mon age) vers l&rsquo;Ultra&#8230; De retour du Marathon des Sables, la d\u00e9couverte de nouveaux horizons et de rencontres resteront le fil de mes prochains objectifs. Je suis un fan des nouvelles technologies, du mat\u00e9riel et de toutes les \u00e9xp\u00e9riences techniques, nutritionelles ou psychologiques qui permettent d&rsquo;am\u00e9liorer la performance ou le confort en course \u00e0 pied.<\/td>\n<\/tr>\n<\/tbody>\n<\/table>\n","protected":false},"excerpt":{"rendered":"<a href=\"https:\/\/www.wanarun.net\/blog\/lequipe-de-redaction\"><img width=\"150\" src=\"\" class=\"alignleft wp-post-image tfe\" alt=\"\" title=\"\" \/><\/a><p>Manu 35 ans &#8211; Architecte technique. Passionn\u00e9 par le Judo, il commence \u00e0 courir r\u00e9guli\u00e8rement par n\u00e9cessit\u00e9 et gr\u00e2ce \u00e0 une amie, il participe aux 20 km de Madine. Il d\u00e9couvre un milieu sympathique et tr\u00e8s ouvert. Alors il devient un coureur plus r\u00e9gulier et participe \u00e0 des semi-marathons. En 2006, il d\u00e9cide de mettre [&hellip;]<\/p>\n","protected":false},"author":1,"featured_media":0,"parent":0,"menu_order":0,"comment_status":"open","ping_status":"open","template":"","meta":[],"yoast_head":"<!-- This site is optimized with the Yoast SEO plugin v18.9 - https:\/\/yoast.com\/wordpress\/plugins\/seo\/ -->\n<title>L&#039;\u00e9quipe de r\u00e9daction<\/title>\n<meta name=\"robots\" content=\"index, follow, max-snippet:-1, max-image-preview:large, max-video-preview:-1\" \/>\n<link rel=\"canonical\" href=\"https:\/\/www.wanarun.net\/blog\/lequipe-de-redaction\" \/>\n<meta property=\"og:locale\" content=\"fr_FR\" \/>\n<meta property=\"og:type\" content=\"article\" \/>\n<meta property=\"og:title\" content=\"L&#039;\u00e9quipe de r\u00e9daction\" \/>\n<meta property=\"og:description\" content=\"Manu 35 ans &#8211; Architecte technique. Passionn\u00e9 par le Judo, il commence \u00e0 courir r\u00e9guli\u00e8rement par n\u00e9cessit\u00e9 et gr\u00e2ce \u00e0 une amie, il participe aux 20 km de Madine. Il d\u00e9couvre un milieu sympathique et tr\u00e8s ouvert. Alors il devient un coureur plus r\u00e9gulier et participe \u00e0 des semi-marathons. En 2006, il d\u00e9cide de mettre [&hellip;]\" \/>\n<meta property=\"og:url\" content=\"https:\/\/www.wanarun.net\/blog\/lequipe-de-redaction\" \/>\n<meta property=\"og:site_name\" content=\"Wanarun, le blog du running, du trail et de la course \u00e0 pied\" \/>\n<meta property=\"article:publisher\" content=\"https:\/\/www.facebook.com\/wanarun\/\" \/>\n<meta property=\"article:modified_time\" content=\"2018-03-20T10:53:03+00:00\" \/>\n<meta property=\"og:image\" content=\"https:\/\/www.wanarun.net\/blog\/wp-content\/uploads\/2008\/11\/manu.thumbnail.jpg\" \/>\n<meta name=\"twitter:label1\" content=\"Dur\u00e9e de lecture estim\u00e9e\" \/>\n\t<meta name=\"twitter:data1\" content=\"3 minutes\" \/>\n<script type=\"application\/ld+json\" class=\"yoast-schema-graph\">{\"@context\":\"https:\/\/schema.org\",\"@graph\":[{\"@type\":\"Organization\",\"@id\":\"https:\/\/www.wanarun.net\/blog\/#organization\",\"name\":\"Wanarun\",\"url\":\"https:\/\/www.wanarun.net\/blog\/\",\"sameAs\":[\"https:\/\/www.instagram.com\/wanarunnet\/\",\"https:\/\/www.youtube.com\/user\/wanarunnet\",\"https:\/\/www.facebook.com\/wanarun\/\",\"https:\/\/twitter.com\/wanarun\"],\"logo\":{\"@type\":\"ImageObject\",\"inLanguage\":\"fr-FR\",\"@id\":\"https:\/\/www.wanarun.net\/blog\/#\/schema\/logo\/image\/\",\"url\":\"https:\/\/www.wanarun.net\/blog\/wp-content\/uploads\/2018\/03\/logo-wanarun.jpg\",\"contentUrl\":\"https:\/\/www.wanarun.net\/blog\/wp-content\/uploads\/2018\/03\/logo-wanarun.jpg\",\"width\":1196,\"height\":1082,\"caption\":\"Wanarun\"},\"image\":{\"@id\":\"https:\/\/www.wanarun.net\/blog\/#\/schema\/logo\/image\/\"}},{\"@type\":\"WebSite\",\"@id\":\"https:\/\/www.wanarun.net\/blog\/#website\",\"url\":\"https:\/\/www.wanarun.net\/blog\/\",\"name\":\"Wanarun, le blog du running, du trail et de la course \u00e0 pied\",\"description\":\"Informations, remarques, avis, conseils sur la course \u00e0 pied.\",\"publisher\":{\"@id\":\"https:\/\/www.wanarun.net\/blog\/#organization\"},\"potentialAction\":[{\"@type\":\"SearchAction\",\"target\":{\"@type\":\"EntryPoint\",\"urlTemplate\":\"https:\/\/www.wanarun.net\/blog\/?s={search_term_string}\"},\"query-input\":\"required name=search_term_string\"}],\"inLanguage\":\"fr-FR\"},{\"@type\":\"ImageObject\",\"inLanguage\":\"fr-FR\",\"@id\":\"https:\/\/www.wanarun.net\/blog\/lequipe-de-redaction#primaryimage\",\"url\":\"https:\/\/www.wanarun.net\/blog\/wp-content\/uploads\/2008\/11\/manu.thumbnail.jpg\",\"contentUrl\":\"https:\/\/www.wanarun.net\/blog\/wp-content\/uploads\/2008\/11\/manu.thumbnail.jpg\"},{\"@type\":\"WebPage\",\"@id\":\"https:\/\/www.wanarun.net\/blog\/lequipe-de-redaction#webpage\",\"url\":\"https:\/\/www.wanarun.net\/blog\/lequipe-de-redaction\",\"name\":\"L'\u00e9quipe de r\u00e9daction\",\"isPartOf\":{\"@id\":\"https:\/\/www.wanarun.net\/blog\/#website\"},\"primaryImageOfPage\":{\"@id\":\"https:\/\/www.wanarun.net\/blog\/lequipe-de-redaction#primaryimage\"},\"datePublished\":\"2008-11-17T21:51:58+00:00\",\"dateModified\":\"2018-03-20T10:53:03+00:00\",\"breadcrumb\":{\"@id\":\"https:\/\/www.wanarun.net\/blog\/lequipe-de-redaction#breadcrumb\"},\"inLanguage\":\"fr-FR\",\"potentialAction\":[{\"@type\":\"ReadAction\",\"target\":[\"https:\/\/www.wanarun.net\/blog\/lequipe-de-redaction\"]}]},{\"@type\":\"BreadcrumbList\",\"@id\":\"https:\/\/www.wanarun.net\/blog\/lequipe-de-redaction#breadcrumb\",\"itemListElement\":[{\"@type\":\"ListItem\",\"position\":1,\"name\":\"L&rsquo;\u00e9quipe de r\u00e9daction\"}]}]}<\/script>\n<!-- \/ Yoast SEO plugin. -->","yoast_head_json":{"title":"L'\u00e9quipe de r\u00e9daction","robots":{"index":"index","follow":"follow","max-snippet":"max-snippet:-1","max-image-preview":"max-image-preview:large","max-video-preview":"max-video-preview:-1"},"canonical":"https:\/\/www.wanarun.net\/blog\/lequipe-de-redaction","og_locale":"fr_FR","og_type":"article","og_title":"L'\u00e9quipe de r\u00e9daction","og_description":"Manu 35 ans &#8211; Architecte technique. Passionn\u00e9 par le Judo, il commence \u00e0 courir r\u00e9guli\u00e8rement par n\u00e9cessit\u00e9 et gr\u00e2ce \u00e0 une amie, il participe aux 20 km de Madine. Il d\u00e9couvre un milieu sympathique et tr\u00e8s ouvert. Alors il devient un coureur plus r\u00e9gulier et participe \u00e0 des semi-marathons. En 2006, il d\u00e9cide de mettre [&hellip;]","og_url":"https:\/\/www.wanarun.net\/blog\/lequipe-de-redaction","og_site_name":"Wanarun, le blog du running, du trail et de la course \u00e0 pied","article_publisher":"https:\/\/www.facebook.com\/wanarun\/","article_modified_time":"2018-03-20T10:53:03+00:00","og_image":[{"url":"https:\/\/www.wanarun.net\/blog\/wp-content\/uploads\/2008\/11\/manu.thumbnail.jpg"}],"twitter_misc":{"Dur\u00e9e de lecture estim\u00e9e":"3 minutes"},"schema":{"@context":"https:\/\/schema.org","@graph":[{"@type":"Organization","@id":"https:\/\/www.wanarun.net\/blog\/#organization","name":"Wanarun","url":"https:\/\/www.wanarun.net\/blog\/","sameAs":["https:\/\/www.instagram.com\/wanarunnet\/","https:\/\/www.youtube.com\/user\/wanarunnet","https:\/\/www.facebook.com\/wanarun\/","https:\/\/twitter.com\/wanarun"],"logo":{"@type":"ImageObject","inLanguage":"fr-FR","@id":"https:\/\/www.wanarun.net\/blog\/#\/schema\/logo\/image\/","url":"https:\/\/www.wanarun.net\/blog\/wp-content\/uploads\/2018\/03\/logo-wanarun.jpg","contentUrl":"https:\/\/www.wanarun.net\/blog\/wp-content\/uploads\/2018\/03\/logo-wanarun.jpg","width":1196,"height":1082,"caption":"Wanarun"},"image":{"@id":"https:\/\/www.wanarun.net\/blog\/#\/schema\/logo\/image\/"}},{"@type":"WebSite","@id":"https:\/\/www.wanarun.net\/blog\/#website","url":"https:\/\/www.wanarun.net\/blog\/","name":"Wanarun, le blog du running, du trail et de la course \u00e0 pied","description":"Informations, remarques, avis, conseils sur la course \u00e0 pied.","publisher":{"@id":"https:\/\/www.wanarun.net\/blog\/#organization"},"potentialAction":[{"@type":"SearchAction","target":{"@type":"EntryPoint","urlTemplate":"https:\/\/www.wanarun.net\/blog\/?s={search_term_string}"},"query-input":"required name=search_term_string"}],"inLanguage":"fr-FR"},{"@type":"ImageObject","inLanguage":"fr-FR","@id":"https:\/\/www.wanarun.net\/blog\/lequipe-de-redaction#primaryimage","url":"https:\/\/www.wanarun.net\/blog\/wp-content\/uploads\/2008\/11\/manu.thumbnail.jpg","contentUrl":"https:\/\/www.wanarun.net\/blog\/wp-content\/uploads\/2008\/11\/manu.thumbnail.jpg"},{"@type":"WebPage","@id":"https:\/\/www.wanarun.net\/blog\/lequipe-de-redaction#webpage","url":"https:\/\/www.wanarun.net\/blog\/lequipe-de-redaction","name":"L'\u00e9quipe de r\u00e9daction","isPartOf":{"@id":"https:\/\/www.wanarun.net\/blog\/#website"},"primaryImageOfPage":{"@id":"https:\/\/www.wanarun.net\/blog\/lequipe-de-redaction#primaryimage"},"datePublished":"2008-11-17T21:51:58+00:00","dateModified":"2018-03-20T10:53:03+00:00","breadcrumb":{"@id":"https:\/\/www.wanarun.net\/blog\/lequipe-de-redaction#breadcrumb"},"inLanguage":"fr-FR","potentialAction":[{"@type":"ReadAction","target":["https:\/\/www.wanarun.net\/blog\/lequipe-de-redaction"]}]},{"@type":"BreadcrumbList","@id":"https:\/\/www.wanarun.net\/blog\/lequipe-de-redaction#breadcrumb","itemListElement":[{"@type":"ListItem","position":1,"name":"L&rsquo;\u00e9quipe de r\u00e9daction"}]}]}},"_links":{"self":[{"href":"https:\/\/www.wanarun.net\/blog\/wp-json\/wp\/v2\/pages\/788"}],"collection":[{"href":"https:\/\/www.wanarun.net\/blog\/wp-json\/wp\/v2\/pages"}],"about":[{"href":"https:\/\/www.wanarun.net\/blog\/wp-json\/wp\/v2\/types\/page"}],"author":[{"embeddable":true,"href":"https:\/\/www.wanarun.net\/blog\/wp-json\/wp\/v2\/users\/1"}],"replies":[{"embeddable":true,"href":"https:\/\/www.wanarun.net\/blog\/wp-json\/wp\/v2\/comments?post=788"}],"version-history":[{"count":76,"href":"https:\/\/www.wanarun.net\/blog\/wp-json\/wp\/v2\/pages\/788\/revisions"}],"predecessor-version":[{"id":59013,"href":"https:\/\/www.wanarun.net\/blog\/wp-json\/wp\/v2\/pages\/788\/revisions\/59013"}],"wp:attachment":[{"href":"https:\/\/www.wanarun.net\/blog\/wp-json\/wp\/v2\/media?parent=788"}],"curies":[{"name":"wp","href":"https:\/\/api.w.org\/{rel}","templated":true}]}}