{"id":4606,"date":"2010-03-21T06:49:39","date_gmt":"2010-03-21T05:49:39","guid":{"rendered":"http:\/\/www.wanarun.net\/blog\/?page_id=4606"},"modified":"2018-05-15T09:44:53","modified_gmt":"2018-05-15T08:44:53","slug":"code-promo-i-run-fr","status":"publish","type":"page","link":"https:\/\/www.wanarun.net\/blog\/code-promo-i-run-fr","title":{"rendered":"Code promo I-Run.fr \/ R\u00e9duction I-Run : 10%"},"content":{"rendered":"<p><strong>Wanarun<\/strong> en partenariat avec <a href=\"https:\/\/codes-et-promos.fr\/i-run\/\">I-Run.fr<\/a> vous propose <strong>10% de r\u00e9duction <\/strong>sur tous vos articles de course \u00e0 pied (chaussures, textiles et accessoires).<\/p>\n<p>Pour d\u00e9couvrir et profiter de ce <strong>code promotion<\/strong> exceptionnel, <a href=\"https:\/\/codes-et-promos.fr\/i-run\/\">cliquez  ici<\/a><\/p>\n<p>Ce <strong>code <\/strong>est valable sur tous les produits de la boutique (hors <strong>promotion <\/strong>en cours).<\/p>\n<p>Vous pourrez ainsi vous \u00e9quipez \u00e0 moindre co\u00fbt parmi un des stocks les plus fournis.<\/p>\n<h2><a href=\"https:\/\/codes-et-promos.fr\/i-run\/\">Voir le code promo<\/a><\/h2>\n","protected":false},"excerpt":{"rendered":"<a href=\"https:\/\/www.wanarun.net\/blog\/code-promo-i-run-fr\"><img width=\"150\" src=\"\" class=\"alignleft wp-post-image tfe\" alt=\"\" title=\"\" \/><\/a><p>Wanarun en partenariat avec I-Run.fr vous propose 10% de r\u00e9duction sur tous vos articles de course \u00e0 pied (chaussures, textiles et accessoires). Pour d\u00e9couvrir et profiter de ce code promotion exceptionnel, cliquez ici Ce code est valable sur tous les produits de la boutique (hors promotion en cours). Vous pourrez ainsi vous \u00e9quipez \u00e0 moindre [&hellip;]<\/p>\n","protected":false},"author":1,"featured_media":0,"parent":0,"menu_order":0,"comment_status":"open","ping_status":"open","template":"","meta":[],"yoast_head":"<!-- This site is optimized with the Yoast SEO plugin v18.9 - https:\/\/yoast.com\/wordpress\/plugins\/seo\/ -->\n<title>Code promo I-Run.fr \/ R\u00e9duction I-Run : 10%<\/title>\n<meta name=\"robots\" content=\"index, follow, max-snippet:-1, max-image-preview:large, max-video-preview:-1\" \/>\n<link rel=\"canonical\" href=\"https:\/\/www.wanarun.net\/blog\/code-promo-i-run-fr\" \/>\n<meta property=\"og:locale\" content=\"fr_FR\" \/>\n<meta property=\"og:type\" content=\"article\" \/>\n<meta property=\"og:title\" content=\"Code promo I-Run.fr \/ R\u00e9duction I-Run : 10%\" \/>\n<meta property=\"og:description\" content=\"Wanarun en partenariat avec I-Run.fr vous propose 10% de r\u00e9duction sur tous vos articles de course \u00e0 pied (chaussures, textiles et accessoires). Pour d\u00e9couvrir et profiter de ce code promotion exceptionnel, cliquez ici Ce code est valable sur tous les produits de la boutique (hors promotion en cours). Vous pourrez ainsi vous \u00e9quipez \u00e0 moindre [&hellip;]\" \/>\n<meta property=\"og:url\" content=\"https:\/\/www.wanarun.net\/blog\/code-promo-i-run-fr\" \/>\n<meta property=\"og:site_name\" content=\"Wanarun, le blog du running, du trail et de la course \u00e0 pied\" \/>\n<meta property=\"article:publisher\" content=\"https:\/\/www.facebook.com\/wanarun\/\" \/>\n<meta property=\"article:modified_time\" content=\"2018-05-15T08:44:53+00:00\" \/>\n<script type=\"application\/ld+json\" class=\"yoast-schema-graph\">{\"@context\":\"https:\/\/schema.org\",\"@graph\":[{\"@type\":\"Organization\",\"@id\":\"https:\/\/www.wanarun.net\/blog\/#organization\",\"name\":\"Wanarun\",\"url\":\"https:\/\/www.wanarun.net\/blog\/\",\"sameAs\":[\"https:\/\/www.instagram.com\/wanarunnet\/\",\"https:\/\/www.youtube.com\/user\/wanarunnet\",\"https:\/\/www.facebook.com\/wanarun\/\",\"https:\/\/twitter.com\/wanarun\"],\"logo\":{\"@type\":\"ImageObject\",\"inLanguage\":\"fr-FR\",\"@id\":\"https:\/\/www.wanarun.net\/blog\/#\/schema\/logo\/image\/\",\"url\":\"https:\/\/www.wanarun.net\/blog\/wp-content\/uploads\/2018\/03\/logo-wanarun.jpg\",\"contentUrl\":\"https:\/\/www.wanarun.net\/blog\/wp-content\/uploads\/2018\/03\/logo-wanarun.jpg\",\"width\":1196,\"height\":1082,\"caption\":\"Wanarun\"},\"image\":{\"@id\":\"https:\/\/www.wanarun.net\/blog\/#\/schema\/logo\/image\/\"}},{\"@type\":\"WebSite\",\"@id\":\"https:\/\/www.wanarun.net\/blog\/#website\",\"url\":\"https:\/\/www.wanarun.net\/blog\/\",\"name\":\"Wanarun, le blog du running, du trail et de la course \u00e0 pied\",\"description\":\"Informations, remarques, avis, conseils sur la course \u00e0 pied.\",\"publisher\":{\"@id\":\"https:\/\/www.wanarun.net\/blog\/#organization\"},\"potentialAction\":[{\"@type\":\"SearchAction\",\"target\":{\"@type\":\"EntryPoint\",\"urlTemplate\":\"https:\/\/www.wanarun.net\/blog\/?s={search_term_string}\"},\"query-input\":\"required name=search_term_string\"}],\"inLanguage\":\"fr-FR\"},{\"@type\":\"WebPage\",\"@id\":\"https:\/\/www.wanarun.net\/blog\/code-promo-i-run-fr#webpage\",\"url\":\"https:\/\/www.wanarun.net\/blog\/code-promo-i-run-fr\",\"name\":\"Code promo I-Run.fr \/ R\u00e9duction I-Run : 10%\",\"isPartOf\":{\"@id\":\"https:\/\/www.wanarun.net\/blog\/#website\"},\"datePublished\":\"2010-03-21T05:49:39+00:00\",\"dateModified\":\"2018-05-15T08:44:53+00:00\",\"breadcrumb\":{\"@id\":\"https:\/\/www.wanarun.net\/blog\/code-promo-i-run-fr#breadcrumb\"},\"inLanguage\":\"fr-FR\",\"potentialAction\":[{\"@type\":\"ReadAction\",\"target\":[\"https:\/\/www.wanarun.net\/blog\/code-promo-i-run-fr\"]}]},{\"@type\":\"BreadcrumbList\",\"@id\":\"https:\/\/www.wanarun.net\/blog\/code-promo-i-run-fr#breadcrumb\",\"itemListElement\":[{\"@type\":\"ListItem\",\"position\":1,\"name\":\"Code promo I-Run.fr \/ R\u00e9duction I-Run : 10%\"}]}]}<\/script>\n<!-- \/ Yoast SEO plugin. -->","yoast_head_json":{"title":"Code promo I-Run.fr \/ R\u00e9duction I-Run : 10%","robots":{"index":"index","follow":"follow","max-snippet":"max-snippet:-1","max-image-preview":"max-image-preview:large","max-video-preview":"max-video-preview:-1"},"canonical":"https:\/\/www.wanarun.net\/blog\/code-promo-i-run-fr","og_locale":"fr_FR","og_type":"article","og_title":"Code promo I-Run.fr \/ R\u00e9duction I-Run : 10%","og_description":"Wanarun en partenariat avec I-Run.fr vous propose 10% de r\u00e9duction sur tous vos articles de course \u00e0 pied (chaussures, textiles et accessoires). Pour d\u00e9couvrir et profiter de ce code promotion exceptionnel, cliquez ici Ce code est valable sur tous les produits de la boutique (hors promotion en cours). Vous pourrez ainsi vous \u00e9quipez \u00e0 moindre [&hellip;]","og_url":"https:\/\/www.wanarun.net\/blog\/code-promo-i-run-fr","og_site_name":"Wanarun, le blog du running, du trail et de la course \u00e0 pied","article_publisher":"https:\/\/www.facebook.com\/wanarun\/","article_modified_time":"2018-05-15T08:44:53+00:00","schema":{"@context":"https:\/\/schema.org","@graph":[{"@type":"Organization","@id":"https:\/\/www.wanarun.net\/blog\/#organization","name":"Wanarun","url":"https:\/\/www.wanarun.net\/blog\/","sameAs":["https:\/\/www.instagram.com\/wanarunnet\/","https:\/\/www.youtube.com\/user\/wanarunnet","https:\/\/www.facebook.com\/wanarun\/","https:\/\/twitter.com\/wanarun"],"logo":{"@type":"ImageObject","inLanguage":"fr-FR","@id":"https:\/\/www.wanarun.net\/blog\/#\/schema\/logo\/image\/","url":"https:\/\/www.wanarun.net\/blog\/wp-content\/uploads\/2018\/03\/logo-wanarun.jpg","contentUrl":"https:\/\/www.wanarun.net\/blog\/wp-content\/uploads\/2018\/03\/logo-wanarun.jpg","width":1196,"height":1082,"caption":"Wanarun"},"image":{"@id":"https:\/\/www.wanarun.net\/blog\/#\/schema\/logo\/image\/"}},{"@type":"WebSite","@id":"https:\/\/www.wanarun.net\/blog\/#website","url":"https:\/\/www.wanarun.net\/blog\/","name":"Wanarun, le blog du running, du trail et de la course \u00e0 pied","description":"Informations, remarques, avis, conseils sur la course \u00e0 pied.","publisher":{"@id":"https:\/\/www.wanarun.net\/blog\/#organization"},"potentialAction":[{"@type":"SearchAction","target":{"@type":"EntryPoint","urlTemplate":"https:\/\/www.wanarun.net\/blog\/?s={search_term_string}"},"query-input":"required name=search_term_string"}],"inLanguage":"fr-FR"},{"@type":"WebPage","@id":"https:\/\/www.wanarun.net\/blog\/code-promo-i-run-fr#webpage","url":"https:\/\/www.wanarun.net\/blog\/code-promo-i-run-fr","name":"Code promo I-Run.fr \/ R\u00e9duction I-Run : 10%","isPartOf":{"@id":"https:\/\/www.wanarun.net\/blog\/#website"},"datePublished":"2010-03-21T05:49:39+00:00","dateModified":"2018-05-15T08:44:53+00:00","breadcrumb":{"@id":"https:\/\/www.wanarun.net\/blog\/code-promo-i-run-fr#breadcrumb"},"inLanguage":"fr-FR","potentialAction":[{"@type":"ReadAction","target":["https:\/\/www.wanarun.net\/blog\/code-promo-i-run-fr"]}]},{"@type":"BreadcrumbList","@id":"https:\/\/www.wanarun.net\/blog\/code-promo-i-run-fr#breadcrumb","itemListElement":[{"@type":"ListItem","position":1,"name":"Code promo I-Run.fr \/ R\u00e9duction I-Run : 10%"}]}]}},"_links":{"self":[{"href":"https:\/\/www.wanarun.net\/blog\/wp-json\/wp\/v2\/pages\/4606"}],"collection":[{"href":"https:\/\/www.wanarun.net\/blog\/wp-json\/wp\/v2\/pages"}],"about":[{"href":"https:\/\/www.wanarun.net\/blog\/wp-json\/wp\/v2\/types\/page"}],"author":[{"embeddable":true,"href":"https:\/\/www.wanarun.net\/blog\/wp-json\/wp\/v2\/users\/1"}],"replies":[{"embeddable":true,"href":"https:\/\/www.wanarun.net\/blog\/wp-json\/wp\/v2\/comments?post=4606"}],"version-history":[{"count":7,"href":"https:\/\/www.wanarun.net\/blog\/wp-json\/wp\/v2\/pages\/4606\/revisions"}],"predecessor-version":[{"id":60119,"href":"https:\/\/www.wanarun.net\/blog\/wp-json\/wp\/v2\/pages\/4606\/revisions\/60119"}],"wp:attachment":[{"href":"https:\/\/www.wanarun.net\/blog\/wp-json\/wp\/v2\/media?parent=4606"}],"curies":[{"name":"wp","href":"https:\/\/api.w.org\/{rel}","templated":true}]}}