{"id":424,"date":"2008-06-03T23:23:01","date_gmt":"2008-06-03T21:23:01","guid":{"rendered":"http:\/\/www.wanarun.net\/blog\/garmin-forerunner-305-moins-cher\/"},"modified":"2013-06-24T04:53:11","modified_gmt":"2013-06-24T03:53:11","slug":"garmin-forerunner-305-moins-cher","status":"publish","type":"page","link":"https:\/\/www.wanarun.net\/blog\/garmin-forerunner-305-moins-cher","title":{"rendered":"Garmin Forerunner 305 moins cher"},"content":{"rendered":"<p><img loading=\"lazy\" src=\"https:\/\/www.wanarun.net\/blog\/wp-content\/uploads\/2008\/05\/garmin_305_m.jpg\" alt=\"Garmin Forerunner 305 - GPS Cardio\" width=\"199\" height=\"217\" align=\"left\" \/>Le <strong><a href=\"\/blog\/test\/montre-gps\/garmin\"target=\"_top\" title=\"montre garmin\" >Garmin<\/a> Forerunner 305<\/strong> n&rsquo;existe plus.<\/p>\n<p>Le nouveau mod\u00e8le se nomme <a href=\"https:\/\/www.wanarun.net\/blog\/tag\/garmin-forerunner-310xt\"><strong>Garmin Forerunner 310XT<\/strong><\/a>.<\/p>\n<p><a href=\"https:\/\/www.i-run.fr\/accessoires\/Cardio-Gps_c59\/Garmin_m97\/Forerunner-310XT-HRM_Garmin_fiche_1073.html\" target=\"_blank\"><strong>seulement 279 Euros chez I-run.fr<\/strong><\/a><\/p>\n<p>site s\u00e9rieux livr\u00e9 neuf dans une boite version fran\u00e7aise garantie 2 ans pas d&rsquo;import des USA ou de Honk Kong sans garantie comme sur les autres annonces.<\/p>\n","protected":false},"excerpt":{"rendered":"<a href=\"https:\/\/www.wanarun.net\/blog\/garmin-forerunner-305-moins-cher\"><img width=\"150\" src=\"\" class=\"alignleft wp-post-image tfe\" alt=\"\" title=\"\" \/><\/a><p>Le Garmin Forerunner 305 n&rsquo;existe plus. Le nouveau mod\u00e8le se nomme Garmin Forerunner 310XT. seulement 279 Euros chez I-run.fr site s\u00e9rieux livr\u00e9 neuf dans une boite version fran\u00e7aise garantie 2 ans pas d&rsquo;import des USA ou de Honk Kong sans garantie comme sur les autres annonces.<\/p>\n","protected":false},"author":1,"featured_media":0,"parent":0,"menu_order":0,"comment_status":"open","ping_status":"open","template":"","meta":[],"yoast_head":"<!-- This site is optimized with the Yoast SEO plugin v18.9 - https:\/\/yoast.com\/wordpress\/plugins\/seo\/ -->\n<title>Garmin Forerunner 305 moins cher<\/title>\n<meta name=\"robots\" content=\"index, follow, max-snippet:-1, max-image-preview:large, max-video-preview:-1\" \/>\n<link rel=\"canonical\" href=\"https:\/\/www.wanarun.net\/blog\/garmin-forerunner-305-moins-cher\" \/>\n<meta property=\"og:locale\" content=\"fr_FR\" \/>\n<meta property=\"og:type\" content=\"article\" \/>\n<meta property=\"og:title\" content=\"Garmin Forerunner 305 moins cher\" \/>\n<meta property=\"og:description\" content=\"Le Garmin Forerunner 305 n&rsquo;existe plus. Le nouveau mod\u00e8le se nomme Garmin Forerunner 310XT. seulement 279 Euros chez I-run.fr site s\u00e9rieux livr\u00e9 neuf dans une boite version fran\u00e7aise garantie 2 ans pas d&rsquo;import des USA ou de Honk Kong sans garantie comme sur les autres annonces.\" \/>\n<meta property=\"og:url\" content=\"https:\/\/www.wanarun.net\/blog\/garmin-forerunner-305-moins-cher\" \/>\n<meta property=\"og:site_name\" content=\"Wanarun, le blog du running, du trail et de la course \u00e0 pied\" \/>\n<meta property=\"article:publisher\" content=\"https:\/\/www.facebook.com\/wanarun\/\" \/>\n<meta property=\"article:modified_time\" content=\"2013-06-24T03:53:11+00:00\" \/>\n<meta property=\"og:image\" content=\"https:\/\/www.wanarun.net\/blog\/wp-content\/uploads\/2008\/05\/garmin_305_m.jpg\" \/>\n<script type=\"application\/ld+json\" class=\"yoast-schema-graph\">{\"@context\":\"https:\/\/schema.org\",\"@graph\":[{\"@type\":\"Organization\",\"@id\":\"https:\/\/www.wanarun.net\/blog\/#organization\",\"name\":\"Wanarun\",\"url\":\"https:\/\/www.wanarun.net\/blog\/\",\"sameAs\":[\"https:\/\/www.instagram.com\/wanarunnet\/\",\"https:\/\/www.youtube.com\/user\/wanarunnet\",\"https:\/\/www.facebook.com\/wanarun\/\",\"https:\/\/twitter.com\/wanarun\"],\"logo\":{\"@type\":\"ImageObject\",\"inLanguage\":\"fr-FR\",\"@id\":\"https:\/\/www.wanarun.net\/blog\/#\/schema\/logo\/image\/\",\"url\":\"https:\/\/www.wanarun.net\/blog\/wp-content\/uploads\/2018\/03\/logo-wanarun.jpg\",\"contentUrl\":\"https:\/\/www.wanarun.net\/blog\/wp-content\/uploads\/2018\/03\/logo-wanarun.jpg\",\"width\":1196,\"height\":1082,\"caption\":\"Wanarun\"},\"image\":{\"@id\":\"https:\/\/www.wanarun.net\/blog\/#\/schema\/logo\/image\/\"}},{\"@type\":\"WebSite\",\"@id\":\"https:\/\/www.wanarun.net\/blog\/#website\",\"url\":\"https:\/\/www.wanarun.net\/blog\/\",\"name\":\"Wanarun, le blog du running, du trail et de la course \u00e0 pied\",\"description\":\"Informations, remarques, avis, conseils sur la course \u00e0 pied.\",\"publisher\":{\"@id\":\"https:\/\/www.wanarun.net\/blog\/#organization\"},\"potentialAction\":[{\"@type\":\"SearchAction\",\"target\":{\"@type\":\"EntryPoint\",\"urlTemplate\":\"https:\/\/www.wanarun.net\/blog\/?s={search_term_string}\"},\"query-input\":\"required name=search_term_string\"}],\"inLanguage\":\"fr-FR\"},{\"@type\":\"ImageObject\",\"inLanguage\":\"fr-FR\",\"@id\":\"https:\/\/www.wanarun.net\/blog\/garmin-forerunner-305-moins-cher#primaryimage\",\"url\":\"https:\/\/www.wanarun.net\/blog\/wp-content\/uploads\/2008\/05\/garmin_305_m.jpg\",\"contentUrl\":\"https:\/\/www.wanarun.net\/blog\/wp-content\/uploads\/2008\/05\/garmin_305_m.jpg\"},{\"@type\":\"WebPage\",\"@id\":\"https:\/\/www.wanarun.net\/blog\/garmin-forerunner-305-moins-cher#webpage\",\"url\":\"https:\/\/www.wanarun.net\/blog\/garmin-forerunner-305-moins-cher\",\"name\":\"Garmin Forerunner 305 moins cher\",\"isPartOf\":{\"@id\":\"https:\/\/www.wanarun.net\/blog\/#website\"},\"primaryImageOfPage\":{\"@id\":\"https:\/\/www.wanarun.net\/blog\/garmin-forerunner-305-moins-cher#primaryimage\"},\"datePublished\":\"2008-06-03T21:23:01+00:00\",\"dateModified\":\"2013-06-24T03:53:11+00:00\",\"breadcrumb\":{\"@id\":\"https:\/\/www.wanarun.net\/blog\/garmin-forerunner-305-moins-cher#breadcrumb\"},\"inLanguage\":\"fr-FR\",\"potentialAction\":[{\"@type\":\"ReadAction\",\"target\":[\"https:\/\/www.wanarun.net\/blog\/garmin-forerunner-305-moins-cher\"]}]},{\"@type\":\"BreadcrumbList\",\"@id\":\"https:\/\/www.wanarun.net\/blog\/garmin-forerunner-305-moins-cher#breadcrumb\",\"itemListElement\":[{\"@type\":\"ListItem\",\"position\":1,\"name\":\"Garmin Forerunner 305 moins cher\"}]}]}<\/script>\n<!-- \/ Yoast SEO plugin. -->","yoast_head_json":{"title":"Garmin Forerunner 305 moins cher","robots":{"index":"index","follow":"follow","max-snippet":"max-snippet:-1","max-image-preview":"max-image-preview:large","max-video-preview":"max-video-preview:-1"},"canonical":"https:\/\/www.wanarun.net\/blog\/garmin-forerunner-305-moins-cher","og_locale":"fr_FR","og_type":"article","og_title":"Garmin Forerunner 305 moins cher","og_description":"Le Garmin Forerunner 305 n&rsquo;existe plus. Le nouveau mod\u00e8le se nomme Garmin Forerunner 310XT. seulement 279 Euros chez I-run.fr site s\u00e9rieux livr\u00e9 neuf dans une boite version fran\u00e7aise garantie 2 ans pas d&rsquo;import des USA ou de Honk Kong sans garantie comme sur les autres annonces.","og_url":"https:\/\/www.wanarun.net\/blog\/garmin-forerunner-305-moins-cher","og_site_name":"Wanarun, le blog du running, du trail et de la course \u00e0 pied","article_publisher":"https:\/\/www.facebook.com\/wanarun\/","article_modified_time":"2013-06-24T03:53:11+00:00","og_image":[{"url":"https:\/\/www.wanarun.net\/blog\/wp-content\/uploads\/2008\/05\/garmin_305_m.jpg"}],"schema":{"@context":"https:\/\/schema.org","@graph":[{"@type":"Organization","@id":"https:\/\/www.wanarun.net\/blog\/#organization","name":"Wanarun","url":"https:\/\/www.wanarun.net\/blog\/","sameAs":["https:\/\/www.instagram.com\/wanarunnet\/","https:\/\/www.youtube.com\/user\/wanarunnet","https:\/\/www.facebook.com\/wanarun\/","https:\/\/twitter.com\/wanarun"],"logo":{"@type":"ImageObject","inLanguage":"fr-FR","@id":"https:\/\/www.wanarun.net\/blog\/#\/schema\/logo\/image\/","url":"https:\/\/www.wanarun.net\/blog\/wp-content\/uploads\/2018\/03\/logo-wanarun.jpg","contentUrl":"https:\/\/www.wanarun.net\/blog\/wp-content\/uploads\/2018\/03\/logo-wanarun.jpg","width":1196,"height":1082,"caption":"Wanarun"},"image":{"@id":"https:\/\/www.wanarun.net\/blog\/#\/schema\/logo\/image\/"}},{"@type":"WebSite","@id":"https:\/\/www.wanarun.net\/blog\/#website","url":"https:\/\/www.wanarun.net\/blog\/","name":"Wanarun, le blog du running, du trail et de la course \u00e0 pied","description":"Informations, remarques, avis, conseils sur la course \u00e0 pied.","publisher":{"@id":"https:\/\/www.wanarun.net\/blog\/#organization"},"potentialAction":[{"@type":"SearchAction","target":{"@type":"EntryPoint","urlTemplate":"https:\/\/www.wanarun.net\/blog\/?s={search_term_string}"},"query-input":"required name=search_term_string"}],"inLanguage":"fr-FR"},{"@type":"ImageObject","inLanguage":"fr-FR","@id":"https:\/\/www.wanarun.net\/blog\/garmin-forerunner-305-moins-cher#primaryimage","url":"https:\/\/www.wanarun.net\/blog\/wp-content\/uploads\/2008\/05\/garmin_305_m.jpg","contentUrl":"https:\/\/www.wanarun.net\/blog\/wp-content\/uploads\/2008\/05\/garmin_305_m.jpg"},{"@type":"WebPage","@id":"https:\/\/www.wanarun.net\/blog\/garmin-forerunner-305-moins-cher#webpage","url":"https:\/\/www.wanarun.net\/blog\/garmin-forerunner-305-moins-cher","name":"Garmin Forerunner 305 moins cher","isPartOf":{"@id":"https:\/\/www.wanarun.net\/blog\/#website"},"primaryImageOfPage":{"@id":"https:\/\/www.wanarun.net\/blog\/garmin-forerunner-305-moins-cher#primaryimage"},"datePublished":"2008-06-03T21:23:01+00:00","dateModified":"2013-06-24T03:53:11+00:00","breadcrumb":{"@id":"https:\/\/www.wanarun.net\/blog\/garmin-forerunner-305-moins-cher#breadcrumb"},"inLanguage":"fr-FR","potentialAction":[{"@type":"ReadAction","target":["https:\/\/www.wanarun.net\/blog\/garmin-forerunner-305-moins-cher"]}]},{"@type":"BreadcrumbList","@id":"https:\/\/www.wanarun.net\/blog\/garmin-forerunner-305-moins-cher#breadcrumb","itemListElement":[{"@type":"ListItem","position":1,"name":"Garmin Forerunner 305 moins cher"}]}]}},"_links":{"self":[{"href":"https:\/\/www.wanarun.net\/blog\/wp-json\/wp\/v2\/pages\/424"}],"collection":[{"href":"https:\/\/www.wanarun.net\/blog\/wp-json\/wp\/v2\/pages"}],"about":[{"href":"https:\/\/www.wanarun.net\/blog\/wp-json\/wp\/v2\/types\/page"}],"author":[{"embeddable":true,"href":"https:\/\/www.wanarun.net\/blog\/wp-json\/wp\/v2\/users\/1"}],"replies":[{"embeddable":true,"href":"https:\/\/www.wanarun.net\/blog\/wp-json\/wp\/v2\/comments?post=424"}],"version-history":[{"count":4,"href":"https:\/\/www.wanarun.net\/blog\/wp-json\/wp\/v2\/pages\/424\/revisions"}],"predecessor-version":[{"id":31682,"href":"https:\/\/www.wanarun.net\/blog\/wp-json\/wp\/v2\/pages\/424\/revisions\/31682"}],"wp:attachment":[{"href":"https:\/\/www.wanarun.net\/blog\/wp-json\/wp\/v2\/media?parent=424"}],"curies":[{"name":"wp","href":"https:\/\/api.w.org\/{rel}","templated":true}]}}