{"id":4068,"date":"2010-02-19T10:24:43","date_gmt":"2010-02-19T09:24:43","guid":{"rendered":"http:\/\/www.wanarun.net\/blog\/?page_id=4068"},"modified":"2018-05-15T13:16:31","modified_gmt":"2018-05-15T12:16:31","slug":"archives","status":"publish","type":"page","link":"https:\/\/www.wanarun.net\/blog\/archives","title":{"rendered":"Archives"},"content":{"rendered":"<ul>\n<li><a href=\"https:\/\/www.wanarun.net\/blog\/pronateur-supinateur-universel-416.html\">Pronateur, Supinateur ou Universel<\/a><\/li>\n<li><a href=\"https:\/\/www.wanarun.net\/blog\/je-fractionne-tu-fractionnes-seance-de-fractionnes-324.html\">Fractionn\u00e9s<\/a><\/li>\n<li><a href=\"https:\/\/www.wanarun.net\/blog\/aerobie-et-anaerobie-467.html\">A\u00e9robie \/ Ana\u00e9robie<\/a><\/li>\n<li><a href=\"https:\/\/www.wanarun.net\/blog\/la-pliometrie-2985.html\">Pliom\u00e9trie<\/a><\/li>\n<li><a href=\"https:\/\/www.wanarun.net\/blog\/code-promo-i-run-fr\">Code promo I-Run.fr<\/a><\/li>\n<li><a href=\"https:\/\/www.wanarun.net\/blog\/etirements-et-course-a-pied-11596.html\">Etirements pour la course \u00e0 pied<\/a><\/li>\n<li><a href=\"https:\/\/www.wanarun.net\/blog\/vibram-revolution-ou-arnaque-premiers-elements-de-reponse-5896.html\">Vibram, r\u00e9volution ou arnaque<\/a><\/li>\n<li><a title=\"courir sans chaussures\" href=\"https:\/\/www.wanarun.net\/blog\/courir-sans-chaussures-les-raisons-d%E2%80%99une-conversion-les-mythes-les-consequences-les-conclusions-3-14762.html\">courir sans chaussures<\/a><\/li>\n<li><a title=\"courir ou mourir Killian Jornet\" href=\"https:\/\/www.wanarun.net\/blog\/courir-ou-mourir-le-livre-de-kilian-jornet-17980.html\">courir ou mourir<\/a><\/li>\n<li><a href=\"https:\/\/www.wanarun.net\/blog\/plan-d-entrainement-comment-lire-entre-les-lignes-17508.html\">Plan d&rsquo;entrainement<\/a><\/li>\n<li><a href=\"https:\/\/www.wanarun.net\/blog\/adidas-boost-une-revolution-28118.html\">adidas boost<\/a><\/li>\n<li><a href=\"https:\/\/www.wanarun.net\/blog\/les-foulees-bondissantes-19344.html\">Foul\u00e9es bondissantes<\/a><\/li>\n<li><a href=\"https:\/\/www.wanarun.net\/blog\/talon-fesse-19335.html\">Talon fesse<\/a><\/li>\n<li><a href=\"https:\/\/www.wanarun.net\/blog\/montees-de-genoux-19331.html\">Mont\u00e9e de genoux<\/a><\/li>\n<li><a href=\"https:\/\/www.wanarun.net\/blog\/le-skipping-ou-griffe-19517.html\">Skipping ou griff\u00e9<\/a><\/li>\n<li><a href=\"https:\/\/www.wanarun.net\/blog\/periostite-tibiale-une-solution-29133.html\">P\u00e9riostite tibiale<\/a><\/li>\n<\/ul>\n","protected":false},"excerpt":{"rendered":"<a href=\"https:\/\/www.wanarun.net\/blog\/archives\"><img width=\"150\" src=\"\" class=\"alignleft wp-post-image tfe\" alt=\"\" title=\"\" \/><\/a><p>Pronateur, Supinateur ou Universel Fractionn\u00e9s A\u00e9robie \/ Ana\u00e9robie Pliom\u00e9trie Code promo I-Run.fr Etirements pour la course \u00e0 pied Vibram, r\u00e9volution ou arnaque courir sans chaussures courir ou mourir Plan d&rsquo;entrainement adidas boost Foul\u00e9es bondissantes Talon fesse Mont\u00e9e de genoux Skipping ou griff\u00e9 P\u00e9riostite tibiale<\/p>\n","protected":false},"author":1,"featured_media":0,"parent":0,"menu_order":0,"comment_status":"open","ping_status":"open","template":"archives.php","meta":[],"yoast_head":"<!-- This site is optimized with the Yoast SEO plugin v18.9 - https:\/\/yoast.com\/wordpress\/plugins\/seo\/ -->\n<title>Archives : les meilleurs articles de Wanarun<\/title>\n<meta name=\"description\" content=\"Plus de 10 ans d&#039;actualit\u00e9s et d&#039;articles de fonds sur la course \u00e0 pied, le trail et le triathlon. Retrouvez les archives compl\u00e8tes du site.\" \/>\n<meta name=\"robots\" content=\"index, follow, max-snippet:-1, max-image-preview:large, max-video-preview:-1\" \/>\n<link rel=\"canonical\" href=\"https:\/\/www.wanarun.net\/blog\/archives\" \/>\n<meta property=\"og:locale\" content=\"fr_FR\" \/>\n<meta property=\"og:type\" content=\"article\" \/>\n<meta property=\"og:title\" content=\"Archives : les meilleurs articles de Wanarun\" \/>\n<meta property=\"og:description\" content=\"Plus de 10 ans d&#039;actualit\u00e9s et d&#039;articles de fonds sur la course \u00e0 pied, le trail et le triathlon. Retrouvez les archives compl\u00e8tes du site.\" \/>\n<meta property=\"og:url\" content=\"https:\/\/www.wanarun.net\/blog\/archives\" \/>\n<meta property=\"og:site_name\" content=\"Wanarun, le blog du running, du trail et de la course \u00e0 pied\" \/>\n<meta property=\"article:publisher\" content=\"https:\/\/www.facebook.com\/wanarun\/\" \/>\n<meta property=\"article:modified_time\" content=\"2018-05-15T12:16:31+00:00\" \/>\n<script type=\"application\/ld+json\" class=\"yoast-schema-graph\">{\"@context\":\"https:\/\/schema.org\",\"@graph\":[{\"@type\":\"Organization\",\"@id\":\"https:\/\/www.wanarun.net\/blog\/#organization\",\"name\":\"Wanarun\",\"url\":\"https:\/\/www.wanarun.net\/blog\/\",\"sameAs\":[\"https:\/\/www.instagram.com\/wanarunnet\/\",\"https:\/\/www.youtube.com\/user\/wanarunnet\",\"https:\/\/www.facebook.com\/wanarun\/\",\"https:\/\/twitter.com\/wanarun\"],\"logo\":{\"@type\":\"ImageObject\",\"inLanguage\":\"fr-FR\",\"@id\":\"https:\/\/www.wanarun.net\/blog\/#\/schema\/logo\/image\/\",\"url\":\"https:\/\/www.wanarun.net\/blog\/wp-content\/uploads\/2018\/03\/logo-wanarun.jpg\",\"contentUrl\":\"https:\/\/www.wanarun.net\/blog\/wp-content\/uploads\/2018\/03\/logo-wanarun.jpg\",\"width\":1196,\"height\":1082,\"caption\":\"Wanarun\"},\"image\":{\"@id\":\"https:\/\/www.wanarun.net\/blog\/#\/schema\/logo\/image\/\"}},{\"@type\":\"WebSite\",\"@id\":\"https:\/\/www.wanarun.net\/blog\/#website\",\"url\":\"https:\/\/www.wanarun.net\/blog\/\",\"name\":\"Wanarun, le blog du running, du trail et de la course \u00e0 pied\",\"description\":\"Informations, remarques, avis, conseils sur la course \u00e0 pied.\",\"publisher\":{\"@id\":\"https:\/\/www.wanarun.net\/blog\/#organization\"},\"potentialAction\":[{\"@type\":\"SearchAction\",\"target\":{\"@type\":\"EntryPoint\",\"urlTemplate\":\"https:\/\/www.wanarun.net\/blog\/?s={search_term_string}\"},\"query-input\":\"required name=search_term_string\"}],\"inLanguage\":\"fr-FR\"},{\"@type\":\"WebPage\",\"@id\":\"https:\/\/www.wanarun.net\/blog\/archives#webpage\",\"url\":\"https:\/\/www.wanarun.net\/blog\/archives\",\"name\":\"Archives : les meilleurs articles de Wanarun\",\"isPartOf\":{\"@id\":\"https:\/\/www.wanarun.net\/blog\/#website\"},\"datePublished\":\"2010-02-19T09:24:43+00:00\",\"dateModified\":\"2018-05-15T12:16:31+00:00\",\"description\":\"Plus de 10 ans d'actualit\u00e9s et d'articles de fonds sur la course \u00e0 pied, le trail et le triathlon. Retrouvez les archives compl\u00e8tes du site.\",\"breadcrumb\":{\"@id\":\"https:\/\/www.wanarun.net\/blog\/archives#breadcrumb\"},\"inLanguage\":\"fr-FR\",\"potentialAction\":[{\"@type\":\"ReadAction\",\"target\":[\"https:\/\/www.wanarun.net\/blog\/archives\"]}]},{\"@type\":\"BreadcrumbList\",\"@id\":\"https:\/\/www.wanarun.net\/blog\/archives#breadcrumb\",\"itemListElement\":[{\"@type\":\"ListItem\",\"position\":1,\"name\":\"Archives\"}]}]}<\/script>\n<!-- \/ Yoast SEO plugin. -->","yoast_head_json":{"title":"Archives : les meilleurs articles de Wanarun","description":"Plus de 10 ans d'actualit\u00e9s et d'articles de fonds sur la course \u00e0 pied, le trail et le triathlon. Retrouvez les archives compl\u00e8tes du site.","robots":{"index":"index","follow":"follow","max-snippet":"max-snippet:-1","max-image-preview":"max-image-preview:large","max-video-preview":"max-video-preview:-1"},"canonical":"https:\/\/www.wanarun.net\/blog\/archives","og_locale":"fr_FR","og_type":"article","og_title":"Archives : les meilleurs articles de Wanarun","og_description":"Plus de 10 ans d'actualit\u00e9s et d'articles de fonds sur la course \u00e0 pied, le trail et le triathlon. Retrouvez les archives compl\u00e8tes du site.","og_url":"https:\/\/www.wanarun.net\/blog\/archives","og_site_name":"Wanarun, le blog du running, du trail et de la course \u00e0 pied","article_publisher":"https:\/\/www.facebook.com\/wanarun\/","article_modified_time":"2018-05-15T12:16:31+00:00","schema":{"@context":"https:\/\/schema.org","@graph":[{"@type":"Organization","@id":"https:\/\/www.wanarun.net\/blog\/#organization","name":"Wanarun","url":"https:\/\/www.wanarun.net\/blog\/","sameAs":["https:\/\/www.instagram.com\/wanarunnet\/","https:\/\/www.youtube.com\/user\/wanarunnet","https:\/\/www.facebook.com\/wanarun\/","https:\/\/twitter.com\/wanarun"],"logo":{"@type":"ImageObject","inLanguage":"fr-FR","@id":"https:\/\/www.wanarun.net\/blog\/#\/schema\/logo\/image\/","url":"https:\/\/www.wanarun.net\/blog\/wp-content\/uploads\/2018\/03\/logo-wanarun.jpg","contentUrl":"https:\/\/www.wanarun.net\/blog\/wp-content\/uploads\/2018\/03\/logo-wanarun.jpg","width":1196,"height":1082,"caption":"Wanarun"},"image":{"@id":"https:\/\/www.wanarun.net\/blog\/#\/schema\/logo\/image\/"}},{"@type":"WebSite","@id":"https:\/\/www.wanarun.net\/blog\/#website","url":"https:\/\/www.wanarun.net\/blog\/","name":"Wanarun, le blog du running, du trail et de la course \u00e0 pied","description":"Informations, remarques, avis, conseils sur la course \u00e0 pied.","publisher":{"@id":"https:\/\/www.wanarun.net\/blog\/#organization"},"potentialAction":[{"@type":"SearchAction","target":{"@type":"EntryPoint","urlTemplate":"https:\/\/www.wanarun.net\/blog\/?s={search_term_string}"},"query-input":"required name=search_term_string"}],"inLanguage":"fr-FR"},{"@type":"WebPage","@id":"https:\/\/www.wanarun.net\/blog\/archives#webpage","url":"https:\/\/www.wanarun.net\/blog\/archives","name":"Archives : les meilleurs articles de Wanarun","isPartOf":{"@id":"https:\/\/www.wanarun.net\/blog\/#website"},"datePublished":"2010-02-19T09:24:43+00:00","dateModified":"2018-05-15T12:16:31+00:00","description":"Plus de 10 ans d'actualit\u00e9s et d'articles de fonds sur la course \u00e0 pied, le trail et le triathlon. Retrouvez les archives compl\u00e8tes du site.","breadcrumb":{"@id":"https:\/\/www.wanarun.net\/blog\/archives#breadcrumb"},"inLanguage":"fr-FR","potentialAction":[{"@type":"ReadAction","target":["https:\/\/www.wanarun.net\/blog\/archives"]}]},{"@type":"BreadcrumbList","@id":"https:\/\/www.wanarun.net\/blog\/archives#breadcrumb","itemListElement":[{"@type":"ListItem","position":1,"name":"Archives"}]}]}},"_links":{"self":[{"href":"https:\/\/www.wanarun.net\/blog\/wp-json\/wp\/v2\/pages\/4068"}],"collection":[{"href":"https:\/\/www.wanarun.net\/blog\/wp-json\/wp\/v2\/pages"}],"about":[{"href":"https:\/\/www.wanarun.net\/blog\/wp-json\/wp\/v2\/types\/page"}],"author":[{"embeddable":true,"href":"https:\/\/www.wanarun.net\/blog\/wp-json\/wp\/v2\/users\/1"}],"replies":[{"embeddable":true,"href":"https:\/\/www.wanarun.net\/blog\/wp-json\/wp\/v2\/comments?post=4068"}],"version-history":[{"count":16,"href":"https:\/\/www.wanarun.net\/blog\/wp-json\/wp\/v2\/pages\/4068\/revisions"}],"predecessor-version":[{"id":60120,"href":"https:\/\/www.wanarun.net\/blog\/wp-json\/wp\/v2\/pages\/4068\/revisions\/60120"}],"wp:attachment":[{"href":"https:\/\/www.wanarun.net\/blog\/wp-json\/wp\/v2\/media?parent=4068"}],"curies":[{"name":"wp","href":"https:\/\/api.w.org\/{rel}","templated":true}]}}