{"id":3605,"date":"2010-01-10T19:03:13","date_gmt":"2010-01-10T18:03:13","guid":{"rendered":"http:\/\/www.wanarun.net\/blog\/?page_id=3605"},"modified":"2018-05-12T05:22:24","modified_gmt":"2018-05-12T04:22:24","slug":"a-propos","status":"publish","type":"page","link":"https:\/\/www.wanarun.net\/blog\/a-propos","title":{"rendered":"Histoire du site wanarun depuis sa cr\u00e9ation"},"content":{"rendered":"<p>Wanarun est un site communautaire sur la <strong>course \u00e0 pied, <\/strong>il a \u00e9t\u00e9 cr\u00e9\u00e9 en 2006 par Emmanuel FAIVRE (un passionn\u00e9 de course \u00e0 pied et d&rsquo;internet). Il a souhait\u00e9 r\u00e9unir ses deux passions afin de cr\u00e9er un site qu&rsquo;il ne trouvait pas sur Internet.<\/p>\n<p>L&rsquo;id\u00e9e \u00e9tait de cr\u00e9er un site pour partager ses parcours de course \u00e0 pied, de comparer et de donner son avis sur le mat\u00e9riel de course \u00e0 pied.<\/p>\n<p>Au fur et \u00e0 mesure du temps, le site est devenu un fourre tout de tout ce qui peux graviter autour de la course \u00e0 pied : courses officielles, triathlon, trail mais aussi humeur et coups de gueule.<\/p>\n<p>Sur Wanarun, il n&rsquo;y a pas d&rsquo;\u00e9lites, ce sont des coureurs passionn\u00e9s (du pelotons) qui parlent de leur pratique de la course \u00e0 pied : blessures, <a href=\"\/blog\/plan-d-entrainement-comment-lire-entre-les-lignes-17508.html\"target=\"_top\" title=\"entrainement\" >entrainements<\/a>, objectifs,&#8230;<\/p>\n<p>&nbsp;<\/p>\n","protected":false},"excerpt":{"rendered":"<a href=\"https:\/\/www.wanarun.net\/blog\/a-propos\"><img width=\"150\" src=\"\" class=\"alignleft wp-post-image tfe\" alt=\"\" title=\"\" \/><\/a><p>Wanarun est un site communautaire sur la course \u00e0 pied, il a \u00e9t\u00e9 cr\u00e9\u00e9 en 2006 par Emmanuel FAIVRE (un passionn\u00e9 de course \u00e0 pied et d&rsquo;internet). Il a souhait\u00e9 r\u00e9unir ses deux passions afin de cr\u00e9er un site qu&rsquo;il ne trouvait pas sur Internet. L&rsquo;id\u00e9e \u00e9tait de cr\u00e9er un site pour partager ses parcours [&hellip;]<\/p>\n","protected":false},"author":1,"featured_media":0,"parent":0,"menu_order":0,"comment_status":"open","ping_status":"open","template":"","meta":[],"yoast_head":"<!-- This site is optimized with the Yoast SEO plugin v18.9 - https:\/\/yoast.com\/wordpress\/plugins\/seo\/ -->\n<title>Histoire du site wanarun depuis sa cr\u00e9ation<\/title>\n<meta name=\"robots\" content=\"index, follow, max-snippet:-1, max-image-preview:large, max-video-preview:-1\" \/>\n<link rel=\"canonical\" href=\"https:\/\/www.wanarun.net\/blog\/a-propos\" \/>\n<meta property=\"og:locale\" content=\"fr_FR\" \/>\n<meta property=\"og:type\" content=\"article\" \/>\n<meta property=\"og:title\" content=\"Histoire du site wanarun depuis sa cr\u00e9ation\" \/>\n<meta property=\"og:description\" content=\"Wanarun est un site communautaire sur la course \u00e0 pied, il a \u00e9t\u00e9 cr\u00e9\u00e9 en 2006 par Emmanuel FAIVRE (un passionn\u00e9 de course \u00e0 pied et d&rsquo;internet). Il a souhait\u00e9 r\u00e9unir ses deux passions afin de cr\u00e9er un site qu&rsquo;il ne trouvait pas sur Internet. L&rsquo;id\u00e9e \u00e9tait de cr\u00e9er un site pour partager ses parcours [&hellip;]\" \/>\n<meta property=\"og:url\" content=\"https:\/\/www.wanarun.net\/blog\/a-propos\" \/>\n<meta property=\"og:site_name\" content=\"Wanarun, le blog du running, du trail et de la course \u00e0 pied\" \/>\n<meta property=\"article:publisher\" content=\"https:\/\/www.facebook.com\/wanarun\/\" \/>\n<meta property=\"article:modified_time\" content=\"2018-05-12T04:22:24+00:00\" \/>\n<meta name=\"twitter:label1\" content=\"Dur\u00e9e de lecture estim\u00e9e\" \/>\n\t<meta name=\"twitter:data1\" content=\"1 minute\" \/>\n<script type=\"application\/ld+json\" class=\"yoast-schema-graph\">{\"@context\":\"https:\/\/schema.org\",\"@graph\":[{\"@type\":\"Organization\",\"@id\":\"https:\/\/www.wanarun.net\/blog\/#organization\",\"name\":\"Wanarun\",\"url\":\"https:\/\/www.wanarun.net\/blog\/\",\"sameAs\":[\"https:\/\/www.instagram.com\/wanarunnet\/\",\"https:\/\/www.youtube.com\/user\/wanarunnet\",\"https:\/\/www.facebook.com\/wanarun\/\",\"https:\/\/twitter.com\/wanarun\"],\"logo\":{\"@type\":\"ImageObject\",\"inLanguage\":\"fr-FR\",\"@id\":\"https:\/\/www.wanarun.net\/blog\/#\/schema\/logo\/image\/\",\"url\":\"https:\/\/www.wanarun.net\/blog\/wp-content\/uploads\/2018\/03\/logo-wanarun.jpg\",\"contentUrl\":\"https:\/\/www.wanarun.net\/blog\/wp-content\/uploads\/2018\/03\/logo-wanarun.jpg\",\"width\":1196,\"height\":1082,\"caption\":\"Wanarun\"},\"image\":{\"@id\":\"https:\/\/www.wanarun.net\/blog\/#\/schema\/logo\/image\/\"}},{\"@type\":\"WebSite\",\"@id\":\"https:\/\/www.wanarun.net\/blog\/#website\",\"url\":\"https:\/\/www.wanarun.net\/blog\/\",\"name\":\"Wanarun, le blog du running, du trail et de la course \u00e0 pied\",\"description\":\"Informations, remarques, avis, conseils sur la course \u00e0 pied.\",\"publisher\":{\"@id\":\"https:\/\/www.wanarun.net\/blog\/#organization\"},\"potentialAction\":[{\"@type\":\"SearchAction\",\"target\":{\"@type\":\"EntryPoint\",\"urlTemplate\":\"https:\/\/www.wanarun.net\/blog\/?s={search_term_string}\"},\"query-input\":\"required name=search_term_string\"}],\"inLanguage\":\"fr-FR\"},{\"@type\":\"WebPage\",\"@id\":\"https:\/\/www.wanarun.net\/blog\/a-propos#webpage\",\"url\":\"https:\/\/www.wanarun.net\/blog\/a-propos\",\"name\":\"Histoire du site wanarun depuis sa cr\u00e9ation\",\"isPartOf\":{\"@id\":\"https:\/\/www.wanarun.net\/blog\/#website\"},\"datePublished\":\"2010-01-10T18:03:13+00:00\",\"dateModified\":\"2018-05-12T04:22:24+00:00\",\"breadcrumb\":{\"@id\":\"https:\/\/www.wanarun.net\/blog\/a-propos#breadcrumb\"},\"inLanguage\":\"fr-FR\",\"potentialAction\":[{\"@type\":\"ReadAction\",\"target\":[\"https:\/\/www.wanarun.net\/blog\/a-propos\"]}]},{\"@type\":\"BreadcrumbList\",\"@id\":\"https:\/\/www.wanarun.net\/blog\/a-propos#breadcrumb\",\"itemListElement\":[{\"@type\":\"ListItem\",\"position\":1,\"name\":\"Histoire du site wanarun depuis sa cr\u00e9ation\"}]}]}<\/script>\n<!-- \/ Yoast SEO plugin. -->","yoast_head_json":{"title":"Histoire du site wanarun depuis sa cr\u00e9ation","robots":{"index":"index","follow":"follow","max-snippet":"max-snippet:-1","max-image-preview":"max-image-preview:large","max-video-preview":"max-video-preview:-1"},"canonical":"https:\/\/www.wanarun.net\/blog\/a-propos","og_locale":"fr_FR","og_type":"article","og_title":"Histoire du site wanarun depuis sa cr\u00e9ation","og_description":"Wanarun est un site communautaire sur la course \u00e0 pied, il a \u00e9t\u00e9 cr\u00e9\u00e9 en 2006 par Emmanuel FAIVRE (un passionn\u00e9 de course \u00e0 pied et d&rsquo;internet). Il a souhait\u00e9 r\u00e9unir ses deux passions afin de cr\u00e9er un site qu&rsquo;il ne trouvait pas sur Internet. L&rsquo;id\u00e9e \u00e9tait de cr\u00e9er un site pour partager ses parcours [&hellip;]","og_url":"https:\/\/www.wanarun.net\/blog\/a-propos","og_site_name":"Wanarun, le blog du running, du trail et de la course \u00e0 pied","article_publisher":"https:\/\/www.facebook.com\/wanarun\/","article_modified_time":"2018-05-12T04:22:24+00:00","twitter_misc":{"Dur\u00e9e de lecture estim\u00e9e":"1 minute"},"schema":{"@context":"https:\/\/schema.org","@graph":[{"@type":"Organization","@id":"https:\/\/www.wanarun.net\/blog\/#organization","name":"Wanarun","url":"https:\/\/www.wanarun.net\/blog\/","sameAs":["https:\/\/www.instagram.com\/wanarunnet\/","https:\/\/www.youtube.com\/user\/wanarunnet","https:\/\/www.facebook.com\/wanarun\/","https:\/\/twitter.com\/wanarun"],"logo":{"@type":"ImageObject","inLanguage":"fr-FR","@id":"https:\/\/www.wanarun.net\/blog\/#\/schema\/logo\/image\/","url":"https:\/\/www.wanarun.net\/blog\/wp-content\/uploads\/2018\/03\/logo-wanarun.jpg","contentUrl":"https:\/\/www.wanarun.net\/blog\/wp-content\/uploads\/2018\/03\/logo-wanarun.jpg","width":1196,"height":1082,"caption":"Wanarun"},"image":{"@id":"https:\/\/www.wanarun.net\/blog\/#\/schema\/logo\/image\/"}},{"@type":"WebSite","@id":"https:\/\/www.wanarun.net\/blog\/#website","url":"https:\/\/www.wanarun.net\/blog\/","name":"Wanarun, le blog du running, du trail et de la course \u00e0 pied","description":"Informations, remarques, avis, conseils sur la course \u00e0 pied.","publisher":{"@id":"https:\/\/www.wanarun.net\/blog\/#organization"},"potentialAction":[{"@type":"SearchAction","target":{"@type":"EntryPoint","urlTemplate":"https:\/\/www.wanarun.net\/blog\/?s={search_term_string}"},"query-input":"required name=search_term_string"}],"inLanguage":"fr-FR"},{"@type":"WebPage","@id":"https:\/\/www.wanarun.net\/blog\/a-propos#webpage","url":"https:\/\/www.wanarun.net\/blog\/a-propos","name":"Histoire du site wanarun depuis sa cr\u00e9ation","isPartOf":{"@id":"https:\/\/www.wanarun.net\/blog\/#website"},"datePublished":"2010-01-10T18:03:13+00:00","dateModified":"2018-05-12T04:22:24+00:00","breadcrumb":{"@id":"https:\/\/www.wanarun.net\/blog\/a-propos#breadcrumb"},"inLanguage":"fr-FR","potentialAction":[{"@type":"ReadAction","target":["https:\/\/www.wanarun.net\/blog\/a-propos"]}]},{"@type":"BreadcrumbList","@id":"https:\/\/www.wanarun.net\/blog\/a-propos#breadcrumb","itemListElement":[{"@type":"ListItem","position":1,"name":"Histoire du site wanarun depuis sa cr\u00e9ation"}]}]}},"_links":{"self":[{"href":"https:\/\/www.wanarun.net\/blog\/wp-json\/wp\/v2\/pages\/3605"}],"collection":[{"href":"https:\/\/www.wanarun.net\/blog\/wp-json\/wp\/v2\/pages"}],"about":[{"href":"https:\/\/www.wanarun.net\/blog\/wp-json\/wp\/v2\/types\/page"}],"author":[{"embeddable":true,"href":"https:\/\/www.wanarun.net\/blog\/wp-json\/wp\/v2\/users\/1"}],"replies":[{"embeddable":true,"href":"https:\/\/www.wanarun.net\/blog\/wp-json\/wp\/v2\/comments?post=3605"}],"version-history":[{"count":5,"href":"https:\/\/www.wanarun.net\/blog\/wp-json\/wp\/v2\/pages\/3605\/revisions"}],"predecessor-version":[{"id":60028,"href":"https:\/\/www.wanarun.net\/blog\/wp-json\/wp\/v2\/pages\/3605\/revisions\/60028"}],"wp:attachment":[{"href":"https:\/\/www.wanarun.net\/blog\/wp-json\/wp\/v2\/media?parent=3605"}],"curies":[{"name":"wp","href":"https:\/\/api.w.org\/{rel}","templated":true}]}}