{"id":32716,"date":"2013-08-10T21:27:25","date_gmt":"2013-08-10T20:27:25","guid":{"rendered":"http:\/\/www.wanarun.net\/blog\/?page_id=32716"},"modified":"2013-08-12T10:33:57","modified_gmt":"2013-08-12T09:33:57","slug":"programme-du-lundi-12-aout-aux-championnats-du-monde-a-moscou-2013","status":"publish","type":"page","link":"https:\/\/www.wanarun.net\/blog\/programme-du-lundi-12-aout-aux-championnats-du-monde-a-moscou-2013","title":{"rendered":"Programme du lundi 12 Aout aux championnats du monde \u00e0 Moscou 2013"},"content":{"rendered":"<h2><img loading=\"lazy\" class=\"aligncenter size-full wp-image-32571\" alt=\"logo-mondiaux-moscou\" src=\"https:\/\/www.wanarun.net\/blog\/wp-content\/uploads\/2013\/08\/logo-mondiaux-moscou.png\" width=\"620\" height=\"239\" srcset=\"https:\/\/www.wanarun.net\/blog\/wp-content\/uploads\/2013\/08\/logo-mondiaux-moscou.png 620w, https:\/\/www.wanarun.net\/blog\/wp-content\/uploads\/2013\/08\/logo-mondiaux-moscou-300x115.png 300w, https:\/\/www.wanarun.net\/blog\/wp-content\/uploads\/2013\/08\/logo-mondiaux-moscou-150x57.png 150w\" sizes=\"(max-width: 620px) 100vw, 620px\" \/><\/h2>\n<p>Retrouvez le programme du <strong>lundi 12 aout aux championnats du monde d&rsquo;athl\u00e9tisme 2013 \u00e0 Moscou<\/strong> qui ont lieu du 10 au 18 aout dans le stade des jeux olympiques de 1980 avec les athl\u00e8tes fran\u00e7ais qui participent aux diff\u00e9rentes \u00e9preuves.<\/p>\n<h2>Matin<\/h2>\n<p>7h30 : Heptathlon : 100m haies avec\u00a0<strong>Antoinette Nana-Djimou<\/strong><\/p>\n<p>7h40 : Lancer du disque homme &#8211; Qualification Groupe A<\/p>\n<p>8h10 : 3000m steeple homme &#8211; S\u00e9rie avec <strong>Yoann Kowal, Mahi\u00e9dine Mekhissi, Nouredine Smail<\/strong><\/p>\n<p>8h35 : Heptathlon : saut en hauteur avec\u00a0<strong>Antoinette Nana-Djimou<\/strong><\/p>\n<p>9h05 : Lancer du disque homme &#8211; Qualification Groupe B<strong><br \/>\n<\/strong><\/p>\n<p>9h05 : 400m haies homme &#8211; S\u00e9rie avec <strong>Yoann D\u00e9cimus, Mickael Fran\u00e7ois<br \/>\n<\/strong><\/p>\n<p>9h50 : 400m haies femme &#8211; S\u00e9rie<strong><br \/>\n<\/strong><\/p>\n<h2>Apr\u00e9s-midi<\/h2>\n<p>16h45 : Heptathlon : lancer du poids avec\u00a0<strong>Antoinette Nana-Djimou<\/strong><\/p>\n<p>17h00 : Saut \u00e0 la perche \u2013 Finale avec <strong>Renaud Lavillenie, Valentin Lavillenie<\/strong><strong><\/strong><\/p>\n<p>17h05 : 110 m haies \u2013 Demi-finale avec\u00a0<strong>Pascal Martinot-Lagarde, Thomas Martinot-Lagarde<\/strong><\/p>\n<p>17h35 : 100m femme &#8211; Demi-finale avec <strong>Stella Akakpo, Myriam Soumar\u00e9<\/strong><\/p>\n<p>18h05 : 400m homme &#8211; Demi-finale <strong><\/strong><\/p>\n<p>18h25 : Lancer du poids femme &#8211; finale<strong><\/strong><\/p>\n<p>18h30 : Lancer du marteau homme &#8211; Finale<\/p>\n<p>18h35 : Heptathlon : 200m avec\u00a0<strong>Antoinette Nana-Djimou<\/strong><\/p>\n<p>19h15 : 400m femme \u2013 Finale avec <strong>Marie Gayot, Floria Guei<\/strong><strong><\/strong><strong><\/strong><\/p>\n<p>19h30 : 110 m haies \u2013 finale avec\u00a0<strong>Pascal Martinot-Lagarde, Thomas Martinot-Lagarde<\/strong><strong><\/strong><\/p>\n<p>19h50 : 100m femme &#8211; finale avec <strong>Stella Akakpo, Myriam Soumar\u00e9<\/strong><\/p>\n<p>18h15 : 100 m &#8211; S\u00e9rie avec<strong> Christophe Lemaitre, Jimmy Vicaut<\/strong><\/p>\n<p>&nbsp;<\/p>\n<p><a href=\"https:\/\/www.wanarun.net\/blog\/programme-du-mardi-13-aout-aux-championnats-du-monde-a-moscou-2013\">Programme du mardi 13 ao\u00fbt<\/a><\/p>\n<p><a href=\"https:\/\/www.wanarun.net\/blog\/programme-du-mercredi-14-aout-aux-championnats-du-monde-a-moscou-2013\">Programme du mercredi 14 ao\u00fbt<\/a><\/p>\n<p><a href=\"https:\/\/www.wanarun.net\/blog\/programme-du-jeudi-15-aout-aux-championnats-du-monde-a-moscou-2013\">Programme du jeudi 15 ao\u00fbt<\/a><\/p>\n<p><a href=\"https:\/\/www.wanarun.net\/blog\/programme-du-vendredi-16-aout-aux-championnats-du-monde-a-moscou-2013\">Programme du vendredi 16 ao\u00fbt<\/a><\/p>\n<p><a href=\"https:\/\/www.wanarun.net\/blog\/programme-du-samedi-17-aout-aux-championnats-du-monde-a-moscou-2013\">Programme du samedi 17 ao\u00fbt<\/a><\/p>\n<p><a href=\"https:\/\/www.wanarun.net\/blog\/programme-du-dimanche-18-aout-aux-championnats-du-monde-a-moscou-2013\">Programme du dimanche 18 ao\u00fbt<\/a><\/p>\n","protected":false},"excerpt":{"rendered":"<a href=\"https:\/\/www.wanarun.net\/blog\/programme-du-lundi-12-aout-aux-championnats-du-monde-a-moscou-2013\"><img width=\"150\" height=\"150\" src=\"https:\/\/www.wanarun.net\/blog\/wp-content\/uploads\/2013\/08\/logo-mondiaux-moscou-150x150.png\" class=\"alignleft tfe wp-post-image\" alt=\"\" loading=\"lazy\" srcset=\"https:\/\/www.wanarun.net\/blog\/wp-content\/uploads\/2013\/08\/logo-mondiaux-moscou-150x150.png 150w, https:\/\/www.wanarun.net\/blog\/wp-content\/uploads\/2013\/08\/logo-mondiaux-moscou-100x100.png 100w\" sizes=\"(max-width: 150px) 100vw, 150px\" \/><\/a><p>Retrouvez le programme du lundi 12 aout aux championnats du monde d&rsquo;athl\u00e9tisme 2013 \u00e0 Moscou qui ont lieu du 10 au 18 aout dans le stade des jeux olympiques de 1980 avec les athl\u00e8tes fran\u00e7ais qui participent aux diff\u00e9rentes \u00e9preuves. Matin 7h30 : Heptathlon : 100m haies avec\u00a0Antoinette Nana-Djimou 7h40 : Lancer du disque homme [&hellip;]<\/p>\n","protected":false},"author":1,"featured_media":32571,"parent":0,"menu_order":0,"comment_status":"open","ping_status":"open","template":"","meta":[],"yoast_head":"<!-- This site is optimized with the Yoast SEO plugin v18.9 - https:\/\/yoast.com\/wordpress\/plugins\/seo\/ -->\n<title>Programme du lundi 12 Aout aux championnats du monde \u00e0 Moscou 2013<\/title>\n<meta name=\"robots\" content=\"index, follow, max-snippet:-1, max-image-preview:large, max-video-preview:-1\" \/>\n<link rel=\"canonical\" href=\"https:\/\/www.wanarun.net\/blog\/programme-du-lundi-12-aout-aux-championnats-du-monde-a-moscou-2013\" \/>\n<meta property=\"og:locale\" content=\"fr_FR\" \/>\n<meta property=\"og:type\" content=\"article\" \/>\n<meta property=\"og:title\" content=\"Programme du lundi 12 Aout aux championnats du monde \u00e0 Moscou 2013\" \/>\n<meta property=\"og:description\" content=\"Retrouvez le programme du lundi 12 aout aux championnats du monde d&rsquo;athl\u00e9tisme 2013 \u00e0 Moscou qui ont lieu du 10 au 18 aout dans le stade des jeux olympiques de 1980 avec les athl\u00e8tes fran\u00e7ais qui participent aux diff\u00e9rentes \u00e9preuves. Matin 7h30 : Heptathlon : 100m haies avec\u00a0Antoinette Nana-Djimou 7h40 : Lancer du disque homme [&hellip;]\" \/>\n<meta property=\"og:url\" content=\"https:\/\/www.wanarun.net\/blog\/programme-du-lundi-12-aout-aux-championnats-du-monde-a-moscou-2013\" \/>\n<meta property=\"og:site_name\" content=\"Wanarun, le blog du running, du trail et de la course \u00e0 pied\" \/>\n<meta property=\"article:publisher\" content=\"https:\/\/www.facebook.com\/wanarun\/\" \/>\n<meta property=\"article:modified_time\" content=\"2013-08-12T09:33:57+00:00\" \/>\n<meta property=\"og:image\" content=\"https:\/\/www.wanarun.net\/blog\/wp-content\/uploads\/2013\/08\/logo-mondiaux-moscou.png\" \/>\n\t<meta property=\"og:image:width\" content=\"620\" \/>\n\t<meta property=\"og:image:height\" content=\"239\" \/>\n\t<meta property=\"og:image:type\" content=\"image\/png\" \/>\n<meta name=\"twitter:label1\" content=\"Dur\u00e9e de lecture estim\u00e9e\" \/>\n\t<meta name=\"twitter:data1\" content=\"1 minute\" \/>\n<script type=\"application\/ld+json\" class=\"yoast-schema-graph\">{\"@context\":\"https:\/\/schema.org\",\"@graph\":[{\"@type\":\"Organization\",\"@id\":\"https:\/\/www.wanarun.net\/blog\/#organization\",\"name\":\"Wanarun\",\"url\":\"https:\/\/www.wanarun.net\/blog\/\",\"sameAs\":[\"https:\/\/www.instagram.com\/wanarunnet\/\",\"https:\/\/www.youtube.com\/user\/wanarunnet\",\"https:\/\/www.facebook.com\/wanarun\/\",\"https:\/\/twitter.com\/wanarun\"],\"logo\":{\"@type\":\"ImageObject\",\"inLanguage\":\"fr-FR\",\"@id\":\"https:\/\/www.wanarun.net\/blog\/#\/schema\/logo\/image\/\",\"url\":\"https:\/\/www.wanarun.net\/blog\/wp-content\/uploads\/2018\/03\/logo-wanarun.jpg\",\"contentUrl\":\"https:\/\/www.wanarun.net\/blog\/wp-content\/uploads\/2018\/03\/logo-wanarun.jpg\",\"width\":1196,\"height\":1082,\"caption\":\"Wanarun\"},\"image\":{\"@id\":\"https:\/\/www.wanarun.net\/blog\/#\/schema\/logo\/image\/\"}},{\"@type\":\"WebSite\",\"@id\":\"https:\/\/www.wanarun.net\/blog\/#website\",\"url\":\"https:\/\/www.wanarun.net\/blog\/\",\"name\":\"Wanarun, le blog du running, du trail et de la course \u00e0 pied\",\"description\":\"Informations, remarques, avis, conseils sur la course \u00e0 pied.\",\"publisher\":{\"@id\":\"https:\/\/www.wanarun.net\/blog\/#organization\"},\"potentialAction\":[{\"@type\":\"SearchAction\",\"target\":{\"@type\":\"EntryPoint\",\"urlTemplate\":\"https:\/\/www.wanarun.net\/blog\/?s={search_term_string}\"},\"query-input\":\"required name=search_term_string\"}],\"inLanguage\":\"fr-FR\"},{\"@type\":\"ImageObject\",\"inLanguage\":\"fr-FR\",\"@id\":\"https:\/\/www.wanarun.net\/blog\/programme-du-lundi-12-aout-aux-championnats-du-monde-a-moscou-2013#primaryimage\",\"url\":\"https:\/\/www.wanarun.net\/blog\/wp-content\/uploads\/2013\/08\/logo-mondiaux-moscou.png\",\"contentUrl\":\"https:\/\/www.wanarun.net\/blog\/wp-content\/uploads\/2013\/08\/logo-mondiaux-moscou.png\",\"width\":620,\"height\":239},{\"@type\":\"WebPage\",\"@id\":\"https:\/\/www.wanarun.net\/blog\/programme-du-lundi-12-aout-aux-championnats-du-monde-a-moscou-2013#webpage\",\"url\":\"https:\/\/www.wanarun.net\/blog\/programme-du-lundi-12-aout-aux-championnats-du-monde-a-moscou-2013\",\"name\":\"Programme du lundi 12 Aout aux championnats du monde \u00e0 Moscou 2013\",\"isPartOf\":{\"@id\":\"https:\/\/www.wanarun.net\/blog\/#website\"},\"primaryImageOfPage\":{\"@id\":\"https:\/\/www.wanarun.net\/blog\/programme-du-lundi-12-aout-aux-championnats-du-monde-a-moscou-2013#primaryimage\"},\"datePublished\":\"2013-08-10T20:27:25+00:00\",\"dateModified\":\"2013-08-12T09:33:57+00:00\",\"breadcrumb\":{\"@id\":\"https:\/\/www.wanarun.net\/blog\/programme-du-lundi-12-aout-aux-championnats-du-monde-a-moscou-2013#breadcrumb\"},\"inLanguage\":\"fr-FR\",\"potentialAction\":[{\"@type\":\"ReadAction\",\"target\":[\"https:\/\/www.wanarun.net\/blog\/programme-du-lundi-12-aout-aux-championnats-du-monde-a-moscou-2013\"]}]},{\"@type\":\"BreadcrumbList\",\"@id\":\"https:\/\/www.wanarun.net\/blog\/programme-du-lundi-12-aout-aux-championnats-du-monde-a-moscou-2013#breadcrumb\",\"itemListElement\":[{\"@type\":\"ListItem\",\"position\":1,\"name\":\"Programme du lundi 12 Aout aux championnats du monde \u00e0 Moscou 2013\"}]}]}<\/script>\n<!-- \/ Yoast SEO plugin. -->","yoast_head_json":{"title":"Programme du lundi 12 Aout aux championnats du monde \u00e0 Moscou 2013","robots":{"index":"index","follow":"follow","max-snippet":"max-snippet:-1","max-image-preview":"max-image-preview:large","max-video-preview":"max-video-preview:-1"},"canonical":"https:\/\/www.wanarun.net\/blog\/programme-du-lundi-12-aout-aux-championnats-du-monde-a-moscou-2013","og_locale":"fr_FR","og_type":"article","og_title":"Programme du lundi 12 Aout aux championnats du monde \u00e0 Moscou 2013","og_description":"Retrouvez le programme du lundi 12 aout aux championnats du monde d&rsquo;athl\u00e9tisme 2013 \u00e0 Moscou qui ont lieu du 10 au 18 aout dans le stade des jeux olympiques de 1980 avec les athl\u00e8tes fran\u00e7ais qui participent aux diff\u00e9rentes \u00e9preuves. Matin 7h30 : Heptathlon : 100m haies avec\u00a0Antoinette Nana-Djimou 7h40 : Lancer du disque homme [&hellip;]","og_url":"https:\/\/www.wanarun.net\/blog\/programme-du-lundi-12-aout-aux-championnats-du-monde-a-moscou-2013","og_site_name":"Wanarun, le blog du running, du trail et de la course \u00e0 pied","article_publisher":"https:\/\/www.facebook.com\/wanarun\/","article_modified_time":"2013-08-12T09:33:57+00:00","og_image":[{"width":620,"height":239,"url":"https:\/\/www.wanarun.net\/blog\/wp-content\/uploads\/2013\/08\/logo-mondiaux-moscou.png","type":"image\/png"}],"twitter_misc":{"Dur\u00e9e de lecture estim\u00e9e":"1 minute"},"schema":{"@context":"https:\/\/schema.org","@graph":[{"@type":"Organization","@id":"https:\/\/www.wanarun.net\/blog\/#organization","name":"Wanarun","url":"https:\/\/www.wanarun.net\/blog\/","sameAs":["https:\/\/www.instagram.com\/wanarunnet\/","https:\/\/www.youtube.com\/user\/wanarunnet","https:\/\/www.facebook.com\/wanarun\/","https:\/\/twitter.com\/wanarun"],"logo":{"@type":"ImageObject","inLanguage":"fr-FR","@id":"https:\/\/www.wanarun.net\/blog\/#\/schema\/logo\/image\/","url":"https:\/\/www.wanarun.net\/blog\/wp-content\/uploads\/2018\/03\/logo-wanarun.jpg","contentUrl":"https:\/\/www.wanarun.net\/blog\/wp-content\/uploads\/2018\/03\/logo-wanarun.jpg","width":1196,"height":1082,"caption":"Wanarun"},"image":{"@id":"https:\/\/www.wanarun.net\/blog\/#\/schema\/logo\/image\/"}},{"@type":"WebSite","@id":"https:\/\/www.wanarun.net\/blog\/#website","url":"https:\/\/www.wanarun.net\/blog\/","name":"Wanarun, le blog du running, du trail et de la course \u00e0 pied","description":"Informations, remarques, avis, conseils sur la course \u00e0 pied.","publisher":{"@id":"https:\/\/www.wanarun.net\/blog\/#organization"},"potentialAction":[{"@type":"SearchAction","target":{"@type":"EntryPoint","urlTemplate":"https:\/\/www.wanarun.net\/blog\/?s={search_term_string}"},"query-input":"required name=search_term_string"}],"inLanguage":"fr-FR"},{"@type":"ImageObject","inLanguage":"fr-FR","@id":"https:\/\/www.wanarun.net\/blog\/programme-du-lundi-12-aout-aux-championnats-du-monde-a-moscou-2013#primaryimage","url":"https:\/\/www.wanarun.net\/blog\/wp-content\/uploads\/2013\/08\/logo-mondiaux-moscou.png","contentUrl":"https:\/\/www.wanarun.net\/blog\/wp-content\/uploads\/2013\/08\/logo-mondiaux-moscou.png","width":620,"height":239},{"@type":"WebPage","@id":"https:\/\/www.wanarun.net\/blog\/programme-du-lundi-12-aout-aux-championnats-du-monde-a-moscou-2013#webpage","url":"https:\/\/www.wanarun.net\/blog\/programme-du-lundi-12-aout-aux-championnats-du-monde-a-moscou-2013","name":"Programme du lundi 12 Aout aux championnats du monde \u00e0 Moscou 2013","isPartOf":{"@id":"https:\/\/www.wanarun.net\/blog\/#website"},"primaryImageOfPage":{"@id":"https:\/\/www.wanarun.net\/blog\/programme-du-lundi-12-aout-aux-championnats-du-monde-a-moscou-2013#primaryimage"},"datePublished":"2013-08-10T20:27:25+00:00","dateModified":"2013-08-12T09:33:57+00:00","breadcrumb":{"@id":"https:\/\/www.wanarun.net\/blog\/programme-du-lundi-12-aout-aux-championnats-du-monde-a-moscou-2013#breadcrumb"},"inLanguage":"fr-FR","potentialAction":[{"@type":"ReadAction","target":["https:\/\/www.wanarun.net\/blog\/programme-du-lundi-12-aout-aux-championnats-du-monde-a-moscou-2013"]}]},{"@type":"BreadcrumbList","@id":"https:\/\/www.wanarun.net\/blog\/programme-du-lundi-12-aout-aux-championnats-du-monde-a-moscou-2013#breadcrumb","itemListElement":[{"@type":"ListItem","position":1,"name":"Programme du lundi 12 Aout aux championnats du monde \u00e0 Moscou 2013"}]}]}},"_links":{"self":[{"href":"https:\/\/www.wanarun.net\/blog\/wp-json\/wp\/v2\/pages\/32716"}],"collection":[{"href":"https:\/\/www.wanarun.net\/blog\/wp-json\/wp\/v2\/pages"}],"about":[{"href":"https:\/\/www.wanarun.net\/blog\/wp-json\/wp\/v2\/types\/page"}],"author":[{"embeddable":true,"href":"https:\/\/www.wanarun.net\/blog\/wp-json\/wp\/v2\/users\/1"}],"replies":[{"embeddable":true,"href":"https:\/\/www.wanarun.net\/blog\/wp-json\/wp\/v2\/comments?post=32716"}],"version-history":[{"count":9,"href":"https:\/\/www.wanarun.net\/blog\/wp-json\/wp\/v2\/pages\/32716\/revisions"}],"predecessor-version":[{"id":32779,"href":"https:\/\/www.wanarun.net\/blog\/wp-json\/wp\/v2\/pages\/32716\/revisions\/32779"}],"wp:featuredmedia":[{"embeddable":true,"href":"https:\/\/www.wanarun.net\/blog\/wp-json\/wp\/v2\/media\/32571"}],"wp:attachment":[{"href":"https:\/\/www.wanarun.net\/blog\/wp-json\/wp\/v2\/media?parent=32716"}],"curies":[{"name":"wp","href":"https:\/\/api.w.org\/{rel}","templated":true}]}}