{"id":32702,"date":"2013-08-10T15:48:06","date_gmt":"2013-08-10T14:48:06","guid":{"rendered":"http:\/\/www.wanarun.net\/blog\/?page_id=32702"},"modified":"2013-08-12T10:29:23","modified_gmt":"2013-08-12T09:29:23","slug":"programme-des-championnats-du-monde-dathletisme-2013-a-moscou","status":"publish","type":"page","link":"https:\/\/www.wanarun.net\/blog\/programme-des-championnats-du-monde-dathletisme-2013-a-moscou","title":{"rendered":"Programme des championnats du monde d&rsquo;athl\u00e9tisme 2013 \u00e0 Moscou"},"content":{"rendered":"<h2><img loading=\"lazy\" class=\"aligncenter size-full wp-image-32571\" alt=\"logo-mondiaux-moscou\" src=\"https:\/\/www.wanarun.net\/blog\/wp-content\/uploads\/2013\/08\/logo-mondiaux-moscou.png\" width=\"620\" height=\"239\" srcset=\"https:\/\/www.wanarun.net\/blog\/wp-content\/uploads\/2013\/08\/logo-mondiaux-moscou.png 620w, https:\/\/www.wanarun.net\/blog\/wp-content\/uploads\/2013\/08\/logo-mondiaux-moscou-300x115.png 300w, https:\/\/www.wanarun.net\/blog\/wp-content\/uploads\/2013\/08\/logo-mondiaux-moscou-150x57.png 150w\" sizes=\"(max-width: 620px) 100vw, 620px\" \/><\/h2>\n<p>Retrouvez le programme des championnats du monde d&rsquo;athl\u00e9tisme 2013 \u00e0 Moscou qui ont lieu du 10 au 18 aout et retrouvez les chances de m\u00e9dailles fran\u00e7aises.<\/p>\n<p><a href=\"https:\/\/www.wanarun.net\/blog\/programme-du-samedi-10-aout-aux-championnats-du-monde-a-moscou-2013\">Programme du samedi 10 ao\u00fbt<\/a><\/p>\n<p><a href=\"https:\/\/www.wanarun.net\/blog\/programme-du-dimanche-11-aout-aux-championnats-du-monde-a-moscou-2013\">Programme du dimanche 11 ao\u00fbt<\/a><\/p>\n<p><a href=\"https:\/\/www.wanarun.net\/blog\/programme-du-lundi-12-aout-aux-championnats-du-monde-a-moscou-2013\">Programme du lundi 12 ao\u00fbt<\/a><\/p>\n<p><a href=\"https:\/\/www.wanarun.net\/blog\/programme-du-mardi-13-aout-aux-championnats-du-monde-a-moscou-2013\">Programme du mardi 13 ao\u00fbt<\/a><\/p>\n<p><a href=\"https:\/\/www.wanarun.net\/blog\/programme-du-mercredi-14-aout-aux-championnats-du-monde-a-moscou-2013\">Programme du mercredi 14 ao\u00fbt<\/a><\/p>\n<p><a href=\"https:\/\/www.wanarun.net\/blog\/programme-du-jeudi-15-aout-aux-championnats-du-monde-a-moscou-2013\">Programme du jeudi 15 ao\u00fbt<\/a><\/p>\n<p><a href=\"https:\/\/www.wanarun.net\/blog\/programme-du-vendredi-16-aout-aux-championnats-du-monde-a-moscou-2013\">Programme du vendredi 16 ao\u00fbt<\/a><\/p>\n<p><a href=\"https:\/\/www.wanarun.net\/blog\/programme-du-samedi-17-aout-aux-championnats-du-monde-a-moscou-2013\">Programme du samedi 17 ao\u00fbt<\/a><\/p>\n<p><a href=\"https:\/\/www.wanarun.net\/blog\/programme-du-dimanche-18-aout-aux-championnats-du-monde-a-moscou-2013\">Programme du dimanche 18 ao\u00fbt<\/a><\/p>\n<p>&nbsp;<\/p>\n","protected":false},"excerpt":{"rendered":"<a href=\"https:\/\/www.wanarun.net\/blog\/programme-des-championnats-du-monde-dathletisme-2013-a-moscou\"><img width=\"150\" src=\"\" class=\"alignleft wp-post-image tfe\" alt=\"\" title=\"\" \/><\/a><p>Retrouvez le programme des championnats du monde d&rsquo;athl\u00e9tisme 2013 \u00e0 Moscou qui ont lieu du 10 au 18 aout et retrouvez les chances de m\u00e9dailles fran\u00e7aises. Programme du samedi 10 ao\u00fbt Programme du dimanche 11 ao\u00fbt Programme du lundi 12 ao\u00fbt Programme du mardi 13 ao\u00fbt Programme du mercredi 14 ao\u00fbt Programme du jeudi 15 [&hellip;]<\/p>\n","protected":false},"author":1,"featured_media":0,"parent":0,"menu_order":0,"comment_status":"open","ping_status":"open","template":"","meta":[],"yoast_head":"<!-- This site is optimized with the Yoast SEO plugin v18.9 - https:\/\/yoast.com\/wordpress\/plugins\/seo\/ -->\n<title>Programme des championnats du monde d&#039;athl\u00e9tisme 2013 \u00e0 Moscou<\/title>\n<meta name=\"robots\" content=\"index, follow, max-snippet:-1, max-image-preview:large, max-video-preview:-1\" \/>\n<link rel=\"canonical\" href=\"https:\/\/www.wanarun.net\/blog\/programme-des-championnats-du-monde-dathletisme-2013-a-moscou\" \/>\n<meta property=\"og:locale\" content=\"fr_FR\" \/>\n<meta property=\"og:type\" content=\"article\" \/>\n<meta property=\"og:title\" content=\"Programme des championnats du monde d&#039;athl\u00e9tisme 2013 \u00e0 Moscou\" \/>\n<meta property=\"og:description\" content=\"Retrouvez le programme des championnats du monde d&rsquo;athl\u00e9tisme 2013 \u00e0 Moscou qui ont lieu du 10 au 18 aout et retrouvez les chances de m\u00e9dailles fran\u00e7aises. Programme du samedi 10 ao\u00fbt Programme du dimanche 11 ao\u00fbt Programme du lundi 12 ao\u00fbt Programme du mardi 13 ao\u00fbt Programme du mercredi 14 ao\u00fbt Programme du jeudi 15 [&hellip;]\" \/>\n<meta property=\"og:url\" content=\"https:\/\/www.wanarun.net\/blog\/programme-des-championnats-du-monde-dathletisme-2013-a-moscou\" \/>\n<meta property=\"og:site_name\" content=\"Wanarun, le blog du running, du trail et de la course \u00e0 pied\" \/>\n<meta property=\"article:publisher\" content=\"https:\/\/www.facebook.com\/wanarun\/\" \/>\n<meta property=\"article:modified_time\" content=\"2013-08-12T09:29:23+00:00\" \/>\n<meta property=\"og:image\" content=\"https:\/\/www.wanarun.net\/blog\/wp-content\/uploads\/2013\/08\/logo-mondiaux-moscou.png\" \/>\n<script type=\"application\/ld+json\" class=\"yoast-schema-graph\">{\"@context\":\"https:\/\/schema.org\",\"@graph\":[{\"@type\":\"Organization\",\"@id\":\"https:\/\/www.wanarun.net\/blog\/#organization\",\"name\":\"Wanarun\",\"url\":\"https:\/\/www.wanarun.net\/blog\/\",\"sameAs\":[\"https:\/\/www.instagram.com\/wanarunnet\/\",\"https:\/\/www.youtube.com\/user\/wanarunnet\",\"https:\/\/www.facebook.com\/wanarun\/\",\"https:\/\/twitter.com\/wanarun\"],\"logo\":{\"@type\":\"ImageObject\",\"inLanguage\":\"fr-FR\",\"@id\":\"https:\/\/www.wanarun.net\/blog\/#\/schema\/logo\/image\/\",\"url\":\"https:\/\/www.wanarun.net\/blog\/wp-content\/uploads\/2018\/03\/logo-wanarun.jpg\",\"contentUrl\":\"https:\/\/www.wanarun.net\/blog\/wp-content\/uploads\/2018\/03\/logo-wanarun.jpg\",\"width\":1196,\"height\":1082,\"caption\":\"Wanarun\"},\"image\":{\"@id\":\"https:\/\/www.wanarun.net\/blog\/#\/schema\/logo\/image\/\"}},{\"@type\":\"WebSite\",\"@id\":\"https:\/\/www.wanarun.net\/blog\/#website\",\"url\":\"https:\/\/www.wanarun.net\/blog\/\",\"name\":\"Wanarun, le blog du running, du trail et de la course \u00e0 pied\",\"description\":\"Informations, remarques, avis, conseils sur la course \u00e0 pied.\",\"publisher\":{\"@id\":\"https:\/\/www.wanarun.net\/blog\/#organization\"},\"potentialAction\":[{\"@type\":\"SearchAction\",\"target\":{\"@type\":\"EntryPoint\",\"urlTemplate\":\"https:\/\/www.wanarun.net\/blog\/?s={search_term_string}\"},\"query-input\":\"required name=search_term_string\"}],\"inLanguage\":\"fr-FR\"},{\"@type\":\"ImageObject\",\"inLanguage\":\"fr-FR\",\"@id\":\"https:\/\/www.wanarun.net\/blog\/programme-des-championnats-du-monde-dathletisme-2013-a-moscou#primaryimage\",\"url\":\"https:\/\/www.wanarun.net\/blog\/wp-content\/uploads\/2013\/08\/logo-mondiaux-moscou.png\",\"contentUrl\":\"https:\/\/www.wanarun.net\/blog\/wp-content\/uploads\/2013\/08\/logo-mondiaux-moscou.png\",\"width\":620,\"height\":239},{\"@type\":\"WebPage\",\"@id\":\"https:\/\/www.wanarun.net\/blog\/programme-des-championnats-du-monde-dathletisme-2013-a-moscou#webpage\",\"url\":\"https:\/\/www.wanarun.net\/blog\/programme-des-championnats-du-monde-dathletisme-2013-a-moscou\",\"name\":\"Programme des championnats du monde d'athl\u00e9tisme 2013 \u00e0 Moscou\",\"isPartOf\":{\"@id\":\"https:\/\/www.wanarun.net\/blog\/#website\"},\"primaryImageOfPage\":{\"@id\":\"https:\/\/www.wanarun.net\/blog\/programme-des-championnats-du-monde-dathletisme-2013-a-moscou#primaryimage\"},\"datePublished\":\"2013-08-10T14:48:06+00:00\",\"dateModified\":\"2013-08-12T09:29:23+00:00\",\"breadcrumb\":{\"@id\":\"https:\/\/www.wanarun.net\/blog\/programme-des-championnats-du-monde-dathletisme-2013-a-moscou#breadcrumb\"},\"inLanguage\":\"fr-FR\",\"potentialAction\":[{\"@type\":\"ReadAction\",\"target\":[\"https:\/\/www.wanarun.net\/blog\/programme-des-championnats-du-monde-dathletisme-2013-a-moscou\"]}]},{\"@type\":\"BreadcrumbList\",\"@id\":\"https:\/\/www.wanarun.net\/blog\/programme-des-championnats-du-monde-dathletisme-2013-a-moscou#breadcrumb\",\"itemListElement\":[{\"@type\":\"ListItem\",\"position\":1,\"name\":\"Programme des championnats du monde d&rsquo;athl\u00e9tisme 2013 \u00e0 Moscou\"}]}]}<\/script>\n<!-- \/ Yoast SEO plugin. -->","yoast_head_json":{"title":"Programme des championnats du monde d'athl\u00e9tisme 2013 \u00e0 Moscou","robots":{"index":"index","follow":"follow","max-snippet":"max-snippet:-1","max-image-preview":"max-image-preview:large","max-video-preview":"max-video-preview:-1"},"canonical":"https:\/\/www.wanarun.net\/blog\/programme-des-championnats-du-monde-dathletisme-2013-a-moscou","og_locale":"fr_FR","og_type":"article","og_title":"Programme des championnats du monde d'athl\u00e9tisme 2013 \u00e0 Moscou","og_description":"Retrouvez le programme des championnats du monde d&rsquo;athl\u00e9tisme 2013 \u00e0 Moscou qui ont lieu du 10 au 18 aout et retrouvez les chances de m\u00e9dailles fran\u00e7aises. Programme du samedi 10 ao\u00fbt Programme du dimanche 11 ao\u00fbt Programme du lundi 12 ao\u00fbt Programme du mardi 13 ao\u00fbt Programme du mercredi 14 ao\u00fbt Programme du jeudi 15 [&hellip;]","og_url":"https:\/\/www.wanarun.net\/blog\/programme-des-championnats-du-monde-dathletisme-2013-a-moscou","og_site_name":"Wanarun, le blog du running, du trail et de la course \u00e0 pied","article_publisher":"https:\/\/www.facebook.com\/wanarun\/","article_modified_time":"2013-08-12T09:29:23+00:00","og_image":[{"url":"https:\/\/www.wanarun.net\/blog\/wp-content\/uploads\/2013\/08\/logo-mondiaux-moscou.png"}],"schema":{"@context":"https:\/\/schema.org","@graph":[{"@type":"Organization","@id":"https:\/\/www.wanarun.net\/blog\/#organization","name":"Wanarun","url":"https:\/\/www.wanarun.net\/blog\/","sameAs":["https:\/\/www.instagram.com\/wanarunnet\/","https:\/\/www.youtube.com\/user\/wanarunnet","https:\/\/www.facebook.com\/wanarun\/","https:\/\/twitter.com\/wanarun"],"logo":{"@type":"ImageObject","inLanguage":"fr-FR","@id":"https:\/\/www.wanarun.net\/blog\/#\/schema\/logo\/image\/","url":"https:\/\/www.wanarun.net\/blog\/wp-content\/uploads\/2018\/03\/logo-wanarun.jpg","contentUrl":"https:\/\/www.wanarun.net\/blog\/wp-content\/uploads\/2018\/03\/logo-wanarun.jpg","width":1196,"height":1082,"caption":"Wanarun"},"image":{"@id":"https:\/\/www.wanarun.net\/blog\/#\/schema\/logo\/image\/"}},{"@type":"WebSite","@id":"https:\/\/www.wanarun.net\/blog\/#website","url":"https:\/\/www.wanarun.net\/blog\/","name":"Wanarun, le blog du running, du trail et de la course \u00e0 pied","description":"Informations, remarques, avis, conseils sur la course \u00e0 pied.","publisher":{"@id":"https:\/\/www.wanarun.net\/blog\/#organization"},"potentialAction":[{"@type":"SearchAction","target":{"@type":"EntryPoint","urlTemplate":"https:\/\/www.wanarun.net\/blog\/?s={search_term_string}"},"query-input":"required name=search_term_string"}],"inLanguage":"fr-FR"},{"@type":"ImageObject","inLanguage":"fr-FR","@id":"https:\/\/www.wanarun.net\/blog\/programme-des-championnats-du-monde-dathletisme-2013-a-moscou#primaryimage","url":"https:\/\/www.wanarun.net\/blog\/wp-content\/uploads\/2013\/08\/logo-mondiaux-moscou.png","contentUrl":"https:\/\/www.wanarun.net\/blog\/wp-content\/uploads\/2013\/08\/logo-mondiaux-moscou.png","width":620,"height":239},{"@type":"WebPage","@id":"https:\/\/www.wanarun.net\/blog\/programme-des-championnats-du-monde-dathletisme-2013-a-moscou#webpage","url":"https:\/\/www.wanarun.net\/blog\/programme-des-championnats-du-monde-dathletisme-2013-a-moscou","name":"Programme des championnats du monde d'athl\u00e9tisme 2013 \u00e0 Moscou","isPartOf":{"@id":"https:\/\/www.wanarun.net\/blog\/#website"},"primaryImageOfPage":{"@id":"https:\/\/www.wanarun.net\/blog\/programme-des-championnats-du-monde-dathletisme-2013-a-moscou#primaryimage"},"datePublished":"2013-08-10T14:48:06+00:00","dateModified":"2013-08-12T09:29:23+00:00","breadcrumb":{"@id":"https:\/\/www.wanarun.net\/blog\/programme-des-championnats-du-monde-dathletisme-2013-a-moscou#breadcrumb"},"inLanguage":"fr-FR","potentialAction":[{"@type":"ReadAction","target":["https:\/\/www.wanarun.net\/blog\/programme-des-championnats-du-monde-dathletisme-2013-a-moscou"]}]},{"@type":"BreadcrumbList","@id":"https:\/\/www.wanarun.net\/blog\/programme-des-championnats-du-monde-dathletisme-2013-a-moscou#breadcrumb","itemListElement":[{"@type":"ListItem","position":1,"name":"Programme des championnats du monde d&rsquo;athl\u00e9tisme 2013 \u00e0 Moscou"}]}]}},"_links":{"self":[{"href":"https:\/\/www.wanarun.net\/blog\/wp-json\/wp\/v2\/pages\/32702"}],"collection":[{"href":"https:\/\/www.wanarun.net\/blog\/wp-json\/wp\/v2\/pages"}],"about":[{"href":"https:\/\/www.wanarun.net\/blog\/wp-json\/wp\/v2\/types\/page"}],"author":[{"embeddable":true,"href":"https:\/\/www.wanarun.net\/blog\/wp-json\/wp\/v2\/users\/1"}],"replies":[{"embeddable":true,"href":"https:\/\/www.wanarun.net\/blog\/wp-json\/wp\/v2\/comments?post=32702"}],"version-history":[{"count":9,"href":"https:\/\/www.wanarun.net\/blog\/wp-json\/wp\/v2\/pages\/32702\/revisions"}],"predecessor-version":[{"id":32705,"href":"https:\/\/www.wanarun.net\/blog\/wp-json\/wp\/v2\/pages\/32702\/revisions\/32705"}],"wp:attachment":[{"href":"https:\/\/www.wanarun.net\/blog\/wp-json\/wp\/v2\/media?parent=32702"}],"curies":[{"name":"wp","href":"https:\/\/api.w.org\/{rel}","templated":true}]}}