{"id":32687,"date":"2013-08-10T15:40:54","date_gmt":"2013-08-10T14:40:54","guid":{"rendered":"http:\/\/www.wanarun.net\/blog\/?page_id=32687"},"modified":"2013-08-12T10:29:56","modified_gmt":"2013-08-12T09:29:56","slug":"programme-du-samedi-10-aout-aux-championnats-du-monde-a-moscou-2013","status":"publish","type":"page","link":"https:\/\/www.wanarun.net\/blog\/programme-du-samedi-10-aout-aux-championnats-du-monde-a-moscou-2013","title":{"rendered":"Programme du samedi 10 Aout aux championnats du monde \u00e0 Moscou 2013"},"content":{"rendered":"<h2><img loading=\"lazy\" class=\"aligncenter size-full wp-image-32571\" alt=\"logo-mondiaux-moscou\" src=\"https:\/\/www.wanarun.net\/blog\/wp-content\/uploads\/2013\/08\/logo-mondiaux-moscou.png\" width=\"620\" height=\"239\" srcset=\"https:\/\/www.wanarun.net\/blog\/wp-content\/uploads\/2013\/08\/logo-mondiaux-moscou.png 620w, https:\/\/www.wanarun.net\/blog\/wp-content\/uploads\/2013\/08\/logo-mondiaux-moscou-300x115.png 300w, https:\/\/www.wanarun.net\/blog\/wp-content\/uploads\/2013\/08\/logo-mondiaux-moscou-150x57.png 150w\" sizes=\"(max-width: 620px) 100vw, 620px\" \/><\/h2>\n<p>Retrouvez le programme du <strong>samedi 10 aout aux championnats du monde d&rsquo;athl\u00e9tisme 2013 \u00e0 Moscou<\/strong> qui ont lieu du 10 au 18 aout dans le stade des jeux olympiques de 1980 avec les athl\u00e8tes fran\u00e7ais qui participent aux diff\u00e9rentes \u00e9preuves.<\/p>\n<h2>Matin<\/h2>\n<p>7h30 : Lancer du disque femme &#8211; Qualification Groupe A avec <strong>M\u00e9lina Robert-Michon<\/strong><\/p>\n<p>7h35 : D\u00e9cathlon : 100 m avec <strong>K\u00e9vin Mayer, Ga\u00ebl Qu\u00e9rin<\/strong><\/p>\n<p>8h10 : 100 m &#8211; Tour pr\u00e9liminaire<\/p>\n<p>8h15 : Saut \u00e0 la perche &#8211; Qualification avec <strong>Renaud Lavillenie, Valentin Lavillenie<\/strong><\/p>\n<p>8h35 : D\u00e9cathlon : saut en longueur avec <strong>K\u00e9vin Mayer, Ga\u00ebl Qu\u00e9rin<\/strong><\/p>\n<p>8h50 : Lancer du disque femme &#8211; Qualification Groupe B<\/p>\n<p>9h20 : 800 m homme &#8211; S\u00e9rie avec <strong>Pierre-Ambroise Bosse<\/strong><\/p>\n<p>10h20 : Lancer du poids : 100 m avec <strong>K\u00e9vin Mayer, Ga\u00ebl Qu\u00e9rin<\/strong><\/p>\n<h2>Apr\u00e9s-midi<\/h2>\n<p>12h00 : Marathon femme avec <strong>Carmen Oliveras<\/strong><\/p>\n<p>13h30 : D\u00e9cathlon : saut en hauteur avec <strong>K\u00e9vin Mayer, Ga\u00ebl Qu\u00e9rin<\/strong><\/p>\n<p>15h05 : Lancer du marteau Masculin &#8211; Qualification Groupe A<\/p>\n<p>15h20 : 3000m Steeple femme<\/p>\n<p>16h05 : 400m femme &#8211; S\u00e9rie avec <strong>Marie Gayot, Floria Guei<\/strong><\/p>\n<p>16h35: Lancer du marteau homme &#8211; Qualification Groupe B avec <strong>Quentin Bigot<\/strong><\/p>\n<p>16h55 : 10000m homme &#8211; Finale<\/p>\n<p>17h20 : Saut en longueur femme &#8211; Qualification avec <strong>Eloyse Lesueur<\/strong><\/p>\n<p>17h40 : D\u00e9cathlon : 400m avec <strong>K\u00e9vin Mayer, Ga\u00ebl Qu\u00e9rin<\/strong><\/p>\n<p>18h15 : 100 m &#8211; S\u00e9rie avec<strong> Christophe Lemaitre, Jimmy Vicaut<\/strong><\/p>\n<p>&nbsp;<\/p>\n<p><a href=\"https:\/\/www.wanarun.net\/blog\/programme-du-dimanche-11-aout-aux-championnats-du-monde-a-moscou-2013\">Programme du dimanche 11 ao\u00fbt<\/a><\/p>\n<p><a href=\"https:\/\/www.wanarun.net\/blog\/programme-du-lundi-12-aout-aux-championnats-du-monde-a-moscou-2013\">Programme du lundi 12 ao\u00fbt<\/a><\/p>\n<p><a href=\"https:\/\/www.wanarun.net\/blog\/programme-du-mardi-13-aout-aux-championnats-du-monde-a-moscou-2013\">Programme du mardi 13 ao\u00fbt<\/a><\/p>\n<p><a href=\"https:\/\/www.wanarun.net\/blog\/programme-du-mercredi-14-aout-aux-championnats-du-monde-a-moscou-2013\">Programme du mercredi 14 ao\u00fbt<\/a><\/p>\n<p><a href=\"https:\/\/www.wanarun.net\/blog\/programme-du-jeudi-15-aout-aux-championnats-du-monde-a-moscou-2013\">Programme du jeudi 15 ao\u00fbt<\/a><\/p>\n<p><a href=\"https:\/\/www.wanarun.net\/blog\/programme-du-vendredi-16-aout-aux-championnats-du-monde-a-moscou-2013\">Programme du vendredi 16 ao\u00fbt<\/a><\/p>\n<p><a href=\"https:\/\/www.wanarun.net\/blog\/programme-du-samedi-17-aout-aux-championnats-du-monde-a-moscou-2013\">Programme du samedi 17 ao\u00fbt<\/a><\/p>\n<p><a href=\"https:\/\/www.wanarun.net\/blog\/programme-du-dimanche-18-aout-aux-championnats-du-monde-a-moscou-2013\">Programme du dimanche 18 ao\u00fbt<\/a><\/p>\n","protected":false},"excerpt":{"rendered":"<a href=\"https:\/\/www.wanarun.net\/blog\/programme-du-samedi-10-aout-aux-championnats-du-monde-a-moscou-2013\"><img width=\"150\" height=\"150\" src=\"https:\/\/www.wanarun.net\/blog\/wp-content\/uploads\/2013\/08\/logo-mondiaux-moscou-150x150.png\" class=\"alignleft tfe wp-post-image\" alt=\"\" loading=\"lazy\" srcset=\"https:\/\/www.wanarun.net\/blog\/wp-content\/uploads\/2013\/08\/logo-mondiaux-moscou-150x150.png 150w, https:\/\/www.wanarun.net\/blog\/wp-content\/uploads\/2013\/08\/logo-mondiaux-moscou-100x100.png 100w\" sizes=\"(max-width: 150px) 100vw, 150px\" \/><\/a><p>Retrouvez le programme du samedi 10 aout aux championnats du monde d&rsquo;athl\u00e9tisme 2013 \u00e0 Moscou qui ont lieu du 10 au 18 aout dans le stade des jeux olympiques de 1980 avec les athl\u00e8tes fran\u00e7ais qui participent aux diff\u00e9rentes \u00e9preuves. Matin 7h30 : Lancer du disque femme &#8211; Qualification Groupe A avec M\u00e9lina Robert-Michon 7h35 [&hellip;]<\/p>\n","protected":false},"author":1,"featured_media":32571,"parent":0,"menu_order":0,"comment_status":"open","ping_status":"open","template":"","meta":[],"yoast_head":"<!-- This site is optimized with the Yoast SEO plugin v18.9 - https:\/\/yoast.com\/wordpress\/plugins\/seo\/ -->\n<title>Programme du samedi 10 Aout aux championnats du monde \u00e0 Moscou 2013<\/title>\n<meta name=\"robots\" content=\"index, follow, max-snippet:-1, max-image-preview:large, max-video-preview:-1\" \/>\n<link rel=\"canonical\" href=\"https:\/\/www.wanarun.net\/blog\/programme-du-samedi-10-aout-aux-championnats-du-monde-a-moscou-2013\" \/>\n<meta property=\"og:locale\" content=\"fr_FR\" \/>\n<meta property=\"og:type\" content=\"article\" \/>\n<meta property=\"og:title\" content=\"Programme du samedi 10 Aout aux championnats du monde \u00e0 Moscou 2013\" \/>\n<meta property=\"og:description\" content=\"Retrouvez le programme du samedi 10 aout aux championnats du monde d&rsquo;athl\u00e9tisme 2013 \u00e0 Moscou qui ont lieu du 10 au 18 aout dans le stade des jeux olympiques de 1980 avec les athl\u00e8tes fran\u00e7ais qui participent aux diff\u00e9rentes \u00e9preuves. Matin 7h30 : Lancer du disque femme &#8211; Qualification Groupe A avec M\u00e9lina Robert-Michon 7h35 [&hellip;]\" \/>\n<meta property=\"og:url\" content=\"https:\/\/www.wanarun.net\/blog\/programme-du-samedi-10-aout-aux-championnats-du-monde-a-moscou-2013\" \/>\n<meta property=\"og:site_name\" content=\"Wanarun, le blog du running, du trail et de la course \u00e0 pied\" \/>\n<meta property=\"article:publisher\" content=\"https:\/\/www.facebook.com\/wanarun\/\" \/>\n<meta property=\"article:modified_time\" content=\"2013-08-12T09:29:56+00:00\" \/>\n<meta property=\"og:image\" content=\"https:\/\/www.wanarun.net\/blog\/wp-content\/uploads\/2013\/08\/logo-mondiaux-moscou.png\" \/>\n\t<meta property=\"og:image:width\" content=\"620\" \/>\n\t<meta property=\"og:image:height\" content=\"239\" \/>\n\t<meta property=\"og:image:type\" content=\"image\/png\" \/>\n<meta name=\"twitter:label1\" content=\"Dur\u00e9e de lecture estim\u00e9e\" \/>\n\t<meta name=\"twitter:data1\" content=\"1 minute\" \/>\n<script type=\"application\/ld+json\" class=\"yoast-schema-graph\">{\"@context\":\"https:\/\/schema.org\",\"@graph\":[{\"@type\":\"Organization\",\"@id\":\"https:\/\/www.wanarun.net\/blog\/#organization\",\"name\":\"Wanarun\",\"url\":\"https:\/\/www.wanarun.net\/blog\/\",\"sameAs\":[\"https:\/\/www.instagram.com\/wanarunnet\/\",\"https:\/\/www.youtube.com\/user\/wanarunnet\",\"https:\/\/www.facebook.com\/wanarun\/\",\"https:\/\/twitter.com\/wanarun\"],\"logo\":{\"@type\":\"ImageObject\",\"inLanguage\":\"fr-FR\",\"@id\":\"https:\/\/www.wanarun.net\/blog\/#\/schema\/logo\/image\/\",\"url\":\"https:\/\/www.wanarun.net\/blog\/wp-content\/uploads\/2018\/03\/logo-wanarun.jpg\",\"contentUrl\":\"https:\/\/www.wanarun.net\/blog\/wp-content\/uploads\/2018\/03\/logo-wanarun.jpg\",\"width\":1196,\"height\":1082,\"caption\":\"Wanarun\"},\"image\":{\"@id\":\"https:\/\/www.wanarun.net\/blog\/#\/schema\/logo\/image\/\"}},{\"@type\":\"WebSite\",\"@id\":\"https:\/\/www.wanarun.net\/blog\/#website\",\"url\":\"https:\/\/www.wanarun.net\/blog\/\",\"name\":\"Wanarun, le blog du running, du trail et de la course \u00e0 pied\",\"description\":\"Informations, remarques, avis, conseils sur la course \u00e0 pied.\",\"publisher\":{\"@id\":\"https:\/\/www.wanarun.net\/blog\/#organization\"},\"potentialAction\":[{\"@type\":\"SearchAction\",\"target\":{\"@type\":\"EntryPoint\",\"urlTemplate\":\"https:\/\/www.wanarun.net\/blog\/?s={search_term_string}\"},\"query-input\":\"required name=search_term_string\"}],\"inLanguage\":\"fr-FR\"},{\"@type\":\"ImageObject\",\"inLanguage\":\"fr-FR\",\"@id\":\"https:\/\/www.wanarun.net\/blog\/programme-du-samedi-10-aout-aux-championnats-du-monde-a-moscou-2013#primaryimage\",\"url\":\"https:\/\/www.wanarun.net\/blog\/wp-content\/uploads\/2013\/08\/logo-mondiaux-moscou.png\",\"contentUrl\":\"https:\/\/www.wanarun.net\/blog\/wp-content\/uploads\/2013\/08\/logo-mondiaux-moscou.png\",\"width\":620,\"height\":239},{\"@type\":\"WebPage\",\"@id\":\"https:\/\/www.wanarun.net\/blog\/programme-du-samedi-10-aout-aux-championnats-du-monde-a-moscou-2013#webpage\",\"url\":\"https:\/\/www.wanarun.net\/blog\/programme-du-samedi-10-aout-aux-championnats-du-monde-a-moscou-2013\",\"name\":\"Programme du samedi 10 Aout aux championnats du monde \u00e0 Moscou 2013\",\"isPartOf\":{\"@id\":\"https:\/\/www.wanarun.net\/blog\/#website\"},\"primaryImageOfPage\":{\"@id\":\"https:\/\/www.wanarun.net\/blog\/programme-du-samedi-10-aout-aux-championnats-du-monde-a-moscou-2013#primaryimage\"},\"datePublished\":\"2013-08-10T14:40:54+00:00\",\"dateModified\":\"2013-08-12T09:29:56+00:00\",\"breadcrumb\":{\"@id\":\"https:\/\/www.wanarun.net\/blog\/programme-du-samedi-10-aout-aux-championnats-du-monde-a-moscou-2013#breadcrumb\"},\"inLanguage\":\"fr-FR\",\"potentialAction\":[{\"@type\":\"ReadAction\",\"target\":[\"https:\/\/www.wanarun.net\/blog\/programme-du-samedi-10-aout-aux-championnats-du-monde-a-moscou-2013\"]}]},{\"@type\":\"BreadcrumbList\",\"@id\":\"https:\/\/www.wanarun.net\/blog\/programme-du-samedi-10-aout-aux-championnats-du-monde-a-moscou-2013#breadcrumb\",\"itemListElement\":[{\"@type\":\"ListItem\",\"position\":1,\"name\":\"Programme du samedi 10 Aout aux championnats du monde \u00e0 Moscou 2013\"}]}]}<\/script>\n<!-- \/ Yoast SEO plugin. -->","yoast_head_json":{"title":"Programme du samedi 10 Aout aux championnats du monde \u00e0 Moscou 2013","robots":{"index":"index","follow":"follow","max-snippet":"max-snippet:-1","max-image-preview":"max-image-preview:large","max-video-preview":"max-video-preview:-1"},"canonical":"https:\/\/www.wanarun.net\/blog\/programme-du-samedi-10-aout-aux-championnats-du-monde-a-moscou-2013","og_locale":"fr_FR","og_type":"article","og_title":"Programme du samedi 10 Aout aux championnats du monde \u00e0 Moscou 2013","og_description":"Retrouvez le programme du samedi 10 aout aux championnats du monde d&rsquo;athl\u00e9tisme 2013 \u00e0 Moscou qui ont lieu du 10 au 18 aout dans le stade des jeux olympiques de 1980 avec les athl\u00e8tes fran\u00e7ais qui participent aux diff\u00e9rentes \u00e9preuves. Matin 7h30 : Lancer du disque femme &#8211; Qualification Groupe A avec M\u00e9lina Robert-Michon 7h35 [&hellip;]","og_url":"https:\/\/www.wanarun.net\/blog\/programme-du-samedi-10-aout-aux-championnats-du-monde-a-moscou-2013","og_site_name":"Wanarun, le blog du running, du trail et de la course \u00e0 pied","article_publisher":"https:\/\/www.facebook.com\/wanarun\/","article_modified_time":"2013-08-12T09:29:56+00:00","og_image":[{"width":620,"height":239,"url":"https:\/\/www.wanarun.net\/blog\/wp-content\/uploads\/2013\/08\/logo-mondiaux-moscou.png","type":"image\/png"}],"twitter_misc":{"Dur\u00e9e de lecture estim\u00e9e":"1 minute"},"schema":{"@context":"https:\/\/schema.org","@graph":[{"@type":"Organization","@id":"https:\/\/www.wanarun.net\/blog\/#organization","name":"Wanarun","url":"https:\/\/www.wanarun.net\/blog\/","sameAs":["https:\/\/www.instagram.com\/wanarunnet\/","https:\/\/www.youtube.com\/user\/wanarunnet","https:\/\/www.facebook.com\/wanarun\/","https:\/\/twitter.com\/wanarun"],"logo":{"@type":"ImageObject","inLanguage":"fr-FR","@id":"https:\/\/www.wanarun.net\/blog\/#\/schema\/logo\/image\/","url":"https:\/\/www.wanarun.net\/blog\/wp-content\/uploads\/2018\/03\/logo-wanarun.jpg","contentUrl":"https:\/\/www.wanarun.net\/blog\/wp-content\/uploads\/2018\/03\/logo-wanarun.jpg","width":1196,"height":1082,"caption":"Wanarun"},"image":{"@id":"https:\/\/www.wanarun.net\/blog\/#\/schema\/logo\/image\/"}},{"@type":"WebSite","@id":"https:\/\/www.wanarun.net\/blog\/#website","url":"https:\/\/www.wanarun.net\/blog\/","name":"Wanarun, le blog du running, du trail et de la course \u00e0 pied","description":"Informations, remarques, avis, conseils sur la course \u00e0 pied.","publisher":{"@id":"https:\/\/www.wanarun.net\/blog\/#organization"},"potentialAction":[{"@type":"SearchAction","target":{"@type":"EntryPoint","urlTemplate":"https:\/\/www.wanarun.net\/blog\/?s={search_term_string}"},"query-input":"required name=search_term_string"}],"inLanguage":"fr-FR"},{"@type":"ImageObject","inLanguage":"fr-FR","@id":"https:\/\/www.wanarun.net\/blog\/programme-du-samedi-10-aout-aux-championnats-du-monde-a-moscou-2013#primaryimage","url":"https:\/\/www.wanarun.net\/blog\/wp-content\/uploads\/2013\/08\/logo-mondiaux-moscou.png","contentUrl":"https:\/\/www.wanarun.net\/blog\/wp-content\/uploads\/2013\/08\/logo-mondiaux-moscou.png","width":620,"height":239},{"@type":"WebPage","@id":"https:\/\/www.wanarun.net\/blog\/programme-du-samedi-10-aout-aux-championnats-du-monde-a-moscou-2013#webpage","url":"https:\/\/www.wanarun.net\/blog\/programme-du-samedi-10-aout-aux-championnats-du-monde-a-moscou-2013","name":"Programme du samedi 10 Aout aux championnats du monde \u00e0 Moscou 2013","isPartOf":{"@id":"https:\/\/www.wanarun.net\/blog\/#website"},"primaryImageOfPage":{"@id":"https:\/\/www.wanarun.net\/blog\/programme-du-samedi-10-aout-aux-championnats-du-monde-a-moscou-2013#primaryimage"},"datePublished":"2013-08-10T14:40:54+00:00","dateModified":"2013-08-12T09:29:56+00:00","breadcrumb":{"@id":"https:\/\/www.wanarun.net\/blog\/programme-du-samedi-10-aout-aux-championnats-du-monde-a-moscou-2013#breadcrumb"},"inLanguage":"fr-FR","potentialAction":[{"@type":"ReadAction","target":["https:\/\/www.wanarun.net\/blog\/programme-du-samedi-10-aout-aux-championnats-du-monde-a-moscou-2013"]}]},{"@type":"BreadcrumbList","@id":"https:\/\/www.wanarun.net\/blog\/programme-du-samedi-10-aout-aux-championnats-du-monde-a-moscou-2013#breadcrumb","itemListElement":[{"@type":"ListItem","position":1,"name":"Programme du samedi 10 Aout aux championnats du monde \u00e0 Moscou 2013"}]}]}},"_links":{"self":[{"href":"https:\/\/www.wanarun.net\/blog\/wp-json\/wp\/v2\/pages\/32687"}],"collection":[{"href":"https:\/\/www.wanarun.net\/blog\/wp-json\/wp\/v2\/pages"}],"about":[{"href":"https:\/\/www.wanarun.net\/blog\/wp-json\/wp\/v2\/types\/page"}],"author":[{"embeddable":true,"href":"https:\/\/www.wanarun.net\/blog\/wp-json\/wp\/v2\/users\/1"}],"replies":[{"embeddable":true,"href":"https:\/\/www.wanarun.net\/blog\/wp-json\/wp\/v2\/comments?post=32687"}],"version-history":[{"count":13,"href":"https:\/\/www.wanarun.net\/blog\/wp-json\/wp\/v2\/pages\/32687\/revisions"}],"predecessor-version":[{"id":32713,"href":"https:\/\/www.wanarun.net\/blog\/wp-json\/wp\/v2\/pages\/32687\/revisions\/32713"}],"wp:featuredmedia":[{"embeddable":true,"href":"https:\/\/www.wanarun.net\/blog\/wp-json\/wp\/v2\/media\/32571"}],"wp:attachment":[{"href":"https:\/\/www.wanarun.net\/blog\/wp-json\/wp\/v2\/media?parent=32687"}],"curies":[{"name":"wp","href":"https:\/\/api.w.org\/{rel}","templated":true}]}}